{"id":30,"date":"2024-03-18T10:49:58","date_gmt":"2024-03-18T09:49:58","guid":{"rendered":"https:\/\/sirpetershop.com\/?page_id=30"},"modified":"2025-03-03T18:51:09","modified_gmt":"2025-03-03T17:51:09","slug":"reembolso_devoluciones","status":"publish","type":"page","link":"https:\/\/sirpetershop.com\/de\/reembolso_devoluciones\/","title":{"rendered":"Pol\u00edtica de env\u00edos, devoluciones y reembolsos"},"content":{"rendered":"<h3>Bei wem Sie kaufen<\/h3>\n<p><\/p>\n<p>Sirpeterstore.com wird verwaltet von:<\/p>\n<p><\/p>\n<p>Ja, Sir Entertainment, SL mit CIF B5651825<\/p>\n<p>C\/ De San Joaquin, 6 &#8211; 1\u00ba Ext<\/p>\n<p>28004 Madrid.<\/p>\n<p>Tel. +34 613 944 042.<\/p>\n<p>E-Mail: info@sirpertershop.com<\/p>\n<p><\/p>\n<p>Eingetragen im Handelsregister von Madrid am 02.11.2023 mit den folgenden Registrierungsdaten: T 45934, F 72, S 8, HM 807218, I\/A 1.<\/p>\n<h3>&nbsp;<\/h3>\n<h3>Garantie<\/h3>\n<p><\/p>\n<p>Sirpeterstore.com gew\u00e4hrt auf alle seine Produkte eine Garantie von 3 Jahren.<\/p>\n<p><\/p>\n<ul><\/ul>\n<p><!-- \/wp:post-content --><!-- wp:paragraph --><\/p>\n<h3>Kehrt zur\u00fcck<\/h3>\n<p><!-- \/wp:paragraph --><!-- wp:paragraph --><\/p>\n<p>Um eine R\u00fccksendung vorzunehmen, weil Sie einen Mangel am Produkt bemerken oder weil Sie es einfach nicht mehr m\u00f6chten, haben Sie 14 Kalendertage Zeit, um es kostenlos zur\u00fcckzusenden, solange der Artikel nicht ge\u00f6ffnet oder entsiegelt wurde.<\/p>\n<p><!-- \/wp:paragraph --><!-- wp:paragraph --><\/p>\n<p>Sie k\u00f6nnen \u00fcber das Kontaktformular einen Umtausch oder eine R\u00fcckgabe beantragen und dabei Ihren Namen, Ihre Bestellnummer und den Grund f\u00fcr die R\u00fcckgabe angeben.<\/p>\n<p><\/p>\n<p><!-- \/wp:paragraph --><!-- wp:paragraph --><\/p>\n<p><b>Intimprodukte<br><\/b><\/p>\n<p><!-- \/wp:paragraph --><!-- wp:paragraph --><\/p>\n<p>Aus hygienischen Gr\u00fcnden k\u00f6nnen die meisten unserer Produkte nicht zur\u00fcckgegeben werden, nachdem sie entsiegelt wurden, mit Ausnahme derjenigen, die nicht als \u201eIntimartikel\u201c gelten. Bei diesen Produkten ist auf dem Produktblatt die Kennzeichnung \u201eIntimartikel\u201c angebracht.<\/p>\n<p><!-- \/wp:paragraph --><!-- wp:paragraph --><\/p>\n<p><!-- \/wp:paragraph --><!-- wp:paragraph --><\/p>\n<p>.<\/p>\n<p><!-- \/wp:paragraph --><!-- wp:paragraph --><\/p>\n<h3>\u00c4nderungen<\/h3>\n<p><!-- \/wp:paragraph --><!-- wp:paragraph --><\/p>\n<p>F\u00fcr alle Produkte gilt eine Garantie gegen Herstellungsfehler. Wenn Sie ein Problem feststellen, kontaktieren Sie uns bitte \u00fcber das Kontaktformular unter Angabe der Bestellnummer und des Produkts.<\/p>\n<p><\/p>\n<p><!-- \/wp:paragraph --><!-- wp:paragraph --><\/p>\n<p><\/p>\n<p><!-- \/wp:paragraph --><!-- wp:paragraph --><\/p>\n<h3>Dezentralisierungskosten<\/h3>\n<p><!-- \/wp:paragraph --><!-- wp:paragraph --><\/p>\n<p>Gem\u00e4\u00df den geltenden Vorschriften in der Europ\u00e4ischen Union werden im Falle der Inanspruchnahme der Garantie Umtausch- und R\u00fccksendekosten \u00fcbernommen. Wenn Sie von Ihrem Widerrufsrecht Gebrauch machen und das Produkt ohne einen von sirpetershop.com zu vertretenden Grund zur\u00fccksenden, werden die R\u00fccksendekosten nach Mitteilung des Betrags von Ihrer Zahlung abgezogen.<\/p>\n<p><\/p>\n<p><!-- \/wp:paragraph --><!-- wp:paragraph --><\/p>\n<p><\/p>\n<h3>Lieferzeiten<\/h3>\n<p><!-- \/wp:paragraph --><!-- wp:paragraph --><\/p>\n<p>Bestellungen werden per Expressversand versandt. Die Auftragsvorbereitungszeit betr\u00e4gt nur einen Tag. Alle Bestellungen, die vor 12:00 Uhr eingehen, werden noch am selben Tag versandt, Bestellungen, die sp\u00e4ter eingehen, am n\u00e4chsten Werktag (Montag bis Freitag). Als ungef\u00e4hre Richtwerte k\u00f6nnen Sie folgende Lieferzeiten heranziehen:<\/p>\n<ul>\n<li>Halbinsel Spanien: 24\/48 Stunden.<\/li>\n<li>Inselspanien: 48\/72 Stunden.<\/li>\n<li>Rest der EU: 4-5 Tage.<\/li>\n<li>Rest der Welt: 8-15 Tage.<\/li>\n<\/ul>\n<p>Diese Zeiten sind ungef\u00e4hre Angaben und sollten nur als Referenz dienen.<\/p>\n<p><\/p>\n<p><!-- \/wp:paragraph --><!-- wp:paragraph --><\/p>\n<h3>Internationale Lieferungen<\/h3>\nAlle international versendeten Produkte werden mit einer Zollerkl\u00e4rung versandt. Wenn Ihr Land die Zahlung von Z\u00f6llen auf eingehende Sendungen verlangt, liegt es in Ihrer Verantwortung, alle f\u00e4lligen Z\u00f6lle und Steuern bei Erhalt zu zahlen. Sirpetershop.com ist nicht f\u00fcr die Zahlung von Einfuhrz\u00f6llen oder Steuern verantwortlich und erstattet keine automatischen R\u00fcckerstattungen f\u00fcr Bestellungen, die aufgrund der Nichtzahlung von Z\u00f6llen oder Steuern zur\u00fcckgegeben werden.\n&nbsp;\n<h3>Brauchen Sie Hilfe?<\/h3>\n<p><!-- \/wp:paragraph --><!-- wp:paragraph --><\/p>\n<p>Wenn Sie Fragen haben, k\u00f6nnen Sie uns per E-Mail info@sirpetershop.com oder \u00fcber das Kontaktformular kontaktieren. Wir helfen Ihnen schnellstm\u00f6glich weiter.<\/p>\n<p><!-- \/wp:paragraph --><\/p>\n&nbsp;\n&nbsp;\n<p dir=\"auto\">\n<\/p><p dir=\"auto\">\n<\/p>","protected":false},"excerpt":{"rendered":"<p>A QUIEN COMPRAS Sirpeterstore.com est\u00e1 gestionado por: Yes Sir Entertainment, S.L. con C.I.F. B5651825 C\/ De San Joaquin, 6 &#8211; 1\u00ba Ext 28004 Madrid. Tel. +34 613 944 042. Email: info@sirpertershop.com Inscrita en el registro mercantil de Madrid en fecha 2.11.2023 con los siguientes datos registrales: T 45934 , F 72, S 8, H M [&hellip;]<\/p>","protected":false},"author":1,"featured_media":0,"parent":0,"menu_order":0,"comment_status":"closed","ping_status":"closed","template":"","meta":{"site-sidebar-layout":"default","site-content-layout":"","ast-site-content-layout":"default","site-content-style":"default","site-sidebar-style":"default","ast-global-header-display":"","ast-banner-title-visibility":"","ast-main-header-display":"","ast-hfb-above-header-display":"","ast-hfb-below-header-display":"","ast-hfb-mobile-header-display":"","site-post-title":"","ast-breadcrumbs-content":"","ast-featured-img":"","footer-sml-layout":"","ast-disable-related-posts":"","theme-transparent-header-meta":"","adv-header-id-meta":"","stick-header-meta":"","header-above-stick-meta":"","header-main-stick-meta":"","header-below-stick-meta":"","astra-migrate-meta-layouts":"set","ast-page-background-enabled":"default","ast-page-background-meta":{"desktop":{"background-color":"var(--ast-global-color-5)","background-image":"","background-repeat":"repeat","background-position":"center center","background-size":"auto","background-attachment":"scroll","background-type":"","background-media":"","overlay-type":"","overlay-color":"","overlay-opacity":"","overlay-gradient":""},"tablet":{"background-color":"","background-image":"","background-repeat":"repeat","background-position":"center center","background-size":"auto","background-attachment":"scroll","background-type":"","background-media":"","overlay-type":"","overlay-color":"","overlay-opacity":"","overlay-gradient":""},"mobile":{"background-color":"","background-image":"","background-repeat":"repeat","background-position":"center center","background-size":"auto","background-attachment":"scroll","background-type":"","background-media":"","overlay-type":"","overlay-color":"","overlay-opacity":"","overlay-gradient":""}},"ast-content-background-meta":{"desktop":{"background-color":"var(--ast-global-color-4)","background-image":"","background-repeat":"repeat","background-position":"center center","background-size":"auto","background-attachment":"scroll","background-type":"","background-media":"","overlay-type":"","overlay-color":"","overlay-opacity":"","overlay-gradient":""},"tablet":{"background-color":"var(--ast-global-color-4)","background-image":"","background-repeat":"repeat","background-position":"center center","background-size":"auto","background-attachment":"scroll","background-type":"","background-media":"","overlay-type":"","overlay-color":"","overlay-opacity":"","overlay-gradient":""},"mobile":{"background-color":"var(--ast-global-color-4)","background-image":"","background-repeat":"repeat","background-position":"center center","background-size":"auto","background-attachment":"scroll","background-type":"","background-media":"","overlay-type":"","overlay-color":"","overlay-opacity":"","overlay-gradient":""}},"jetpack_post_was_ever_published":false,"footnotes":""},"class_list":["post-30","page","type-page","status-publish","hentry"],"jetpack_sharing_enabled":true,"_links":{"self":[{"href":"https:\/\/sirpetershop.com\/de\/wp-json\/wp\/v2\/pages\/30","targetHints":{"allow":["GET"]}}],"collection":[{"href":"https:\/\/sirpetershop.com\/de\/wp-json\/wp\/v2\/pages"}],"about":[{"href":"https:\/\/sirpetershop.com\/de\/wp-json\/wp\/v2\/types\/page"}],"author":[{"embeddable":true,"href":"https:\/\/sirpetershop.com\/de\/wp-json\/wp\/v2\/users\/1"}],"replies":[{"embeddable":true,"href":"https:\/\/sirpetershop.com\/de\/wp-json\/wp\/v2\/comments?post=30"}],"version-history":[{"count":25,"href":"https:\/\/sirpetershop.com\/de\/wp-json\/wp\/v2\/pages\/30\/revisions"}],"predecessor-version":[{"id":8553,"href":"https:\/\/sirpetershop.com\/de\/wp-json\/wp\/v2\/pages\/30\/revisions\/8553"}],"wp:attachment":[{"href":"https:\/\/sirpetershop.com\/de\/wp-json\/wp\/v2\/media?parent=30"}],"curies":[{"name":"wp","href":"https:\/\/api.w.org\/{rel}","templated":true}]}}