{"id":7230,"date":"2024-03-31T19:55:49","date_gmt":"2024-03-31T17:55:49","guid":{"rendered":"https:\/\/sirpetershop.com\/?page_id=7230"},"modified":"2024-03-31T19:58:48","modified_gmt":"2024-03-31T17:58:48","slug":"cookies","status":"publish","type":"page","link":"https:\/\/sirpetershop.com\/de\/cookies\/","title":{"rendered":"Uso de Cookies"},"content":{"rendered":"<div data-elementor-type=\"wp-page\" data-elementor-id=\"7230\" class=\"elementor elementor-7230\" data-elementor-post-type=\"page\">\n\t\t\t\t<div data-particle_enable=\"false\" data-particle-mobile-disabled=\"false\" class=\"elementor-element elementor-element-6d00a2ba e-flex e-con-boxed e-con e-parent\" data-id=\"6d00a2ba\" data-element_type=\"container\" data-e-type=\"container\">\n\t\t\t\t\t<div class=\"e-con-inner\">\n\t\t\t\t<div class=\"elementor-element elementor-element-1c3839e5 elementor-widget elementor-widget-text-editor\" data-id=\"1c3839e5\" data-element_type=\"widget\" data-e-type=\"widget\" data-widget_type=\"text-editor.default\">\n\t\t\t\t<div class=\"elementor-widget-container\">\n\t\t\t\t\t\t\t\t\t<div id=\"row-1642591413\" class=\"row\">\n<div id=\"col-264826345\" class=\"col medium-12 large-12\">\n<div class=\"col-inner\">\n<h4>DEFINITION<\/h4>\n<p>\u00a0<\/p>\nEin Cookie ist eine Datei, die auf Ihren Computer heruntergeladen wird, wenn Sie auf bestimmte Webseiten zugreifen. Cookies erm\u00f6glichen es einer Website unter anderem, Informationen \u00fcber die Surfgewohnheiten eines Benutzers oder seiner Ger\u00e4te zu speichern und abzurufen. Abh\u00e4ngig von den darin enthaltenen Informationen und der Art und Weise, wie Sie Ihre Ger\u00e4te verwenden, k\u00f6nnen sie zur Wiedererkennung des Benutzers verwendet werden. Der Browser des Benutzers speichert Cookies nur w\u00e4hrend der aktuellen Sitzung auf der Festplatte, beansprucht dabei nur minimalen Speicherplatz und schadet dem Computer nicht. Cookies enthalten keine spezifischen personenbezogenen Daten und werden zumeist nach Ende der Browsersitzung von der Festplatte gel\u00f6scht (sog. Sitzungscookies). Die meisten Browser akzeptieren standardm\u00e4\u00dfig Cookies und erlauben oder verhindern unabh\u00e4ngig davon in den Sicherheitseinstellungen tempor\u00e4re oder gespeicherte Cookies.\n<p>\u00a0<\/p>\n<\/div>\n<\/div>\n<\/div>\n<div id=\"row-1642591413\" class=\"row\">\n<div id=\"col-264826345\" class=\"col medium-12 large-12\">\n<div class=\"col-inner\">\n<h4>ARTEN VON COOKIES, DIE AUF DIESER WEBSITE VERWENDET WERDEN:<\/h4>\n<p>\u00a0<\/p>\n<p>\u2013 Technische Cookies: Dabei handelt es sich um solche, die es dem Benutzer erm\u00f6glichen, durch eine Webseite, Plattform oder Anwendung zu navigieren und die verschiedenen darin vorhandenen Optionen oder Dienste zu nutzen, wie zum Beispiel die Steuerung des Datenverkehrs und der Datenkommunikation, die Identifizierung der Sitzung oder die Zugriffsbeschr\u00e4nkung Auf Teile zugreifen, sich die Elemente merken, aus denen eine Bestellung besteht, den Kaufvorgang einer Bestellung durchf\u00fchren, den Antrag auf Registrierung oder Teilnahme an einer Veranstaltung stellen, Sicherheitselemente w\u00e4hrend der Navigation verwenden, Inhalte f\u00fcr die Verbreitung von Videos oder Ton speichern oder Inhalte teilen \u00fcber soziale Netzwerke.<br \/>\u2013 Personalisierungs-Cookies: Dabei handelt es sich um Cookies, die es dem Benutzer erm\u00f6glichen, auf den Dienst mit einigen vordefinierten allgemeinen Merkmalen zuzugreifen, die auf einer Reihe von Kriterien auf dem Endger\u00e4t des Benutzers basieren, wie z. B. der Sprache und der Art des Browsers, \u00fcber den der Benutzer auf den Dienst zugreift. das Gebietsschema, von dem aus Sie auf den Dienst zugreifen usw.<br \/>\u2013 Analyse-Cookies: Dabei handelt es sich um Cookies, die es uns, wenn sie von uns oder Dritten ordnungsgem\u00e4\u00df verarbeitet werden, erm\u00f6glichen, die Anzahl der Benutzer zu quantifizieren und so die Messung und statistische Analyse der Nutzung des angebotenen Dienstes durch die Benutzer durchzuf\u00fchren. Dazu wird Ihre Navigation auf unserer Website analysiert, um das Angebot der von uns angebotenen Produkte oder Dienstleistungen zu verbessern.<br \/>\u2013 Werbe-Cookies: Hierbei handelt es sich um Cookies, die es uns, unabh\u00e4ngig davon, ob sie von uns oder von Dritten verarbeitet werden, erm\u00f6glichen, das Angebot von Werbefl\u00e4chen auf der Website so effizient wie m\u00f6glich zu verwalten und den Inhalt der Werbung an den Inhalt des angeforderten Dienstes anzupassen oder die Nutzung unserer Website durch Sie. Dazu k\u00f6nnen wir Ihr Surfverhalten im Internet analysieren und Ihnen Werbung im Zusammenhang mit Ihrem Browserprofil zeigen.<br \/>\u2013 Verhaltensbezogene Werbe-Cookies: Hierbei handelt es sich um Cookies, die eine m\u00f6glichst effiziente Verwaltung der Werbefl\u00e4chen erm\u00f6glichen, die der Herausgeber gegebenenfalls in eine Webseite, Anwendung oder Plattform eingef\u00fcgt hat, von der aus der angeforderte Dienst bereitgestellt wird. Diese Cookies speichern Informationen \u00fcber das Nutzerverhalten, die durch kontinuierliche Beobachtung ihrer Surfgewohnheiten gewonnen werden, was die Entwicklung eines spezifischen Profils erm\u00f6glicht, um darauf basierende Werbung anzuzeigen.<br \/>\u2013 Cookies von Drittanbietern: Diese Website nutzt m\u00f6glicherweise Dienste von Drittanbietern, die zu statistischen Zwecken Informationen \u00fcber die Nutzung der Website durch den Benutzer und f\u00fcr die Bereitstellung anderer Dienste im Zusammenhang mit der Aktivit\u00e4t der Website und anderen Internetdiensten sammeln. Diese Website verwendet insbesondere Google Analytics, einen Webanalysedienst von Google, Inc. mit Sitz in den Vereinigten Staaten und Hauptsitz in 1600 Amphitheatre Parkway, Mountain View, Kalifornien 94043. Zur Bereitstellung dieser Dienste verwenden sie Cookies, die Informationen sammeln, einschlie\u00dflich die IP-Adresse des Nutzers, die von Google gem\u00e4\u00df den auf der Website Google.com festgelegten Bedingungen \u00fcbermittelt, verarbeitet und gespeichert wird. Dies gilt auch f\u00fcr die \u00dcbermittlung dieser Informationen an Dritte aus rechtlichen Gr\u00fcnden oder wenn diese Dritten die Daten im Auftrag von Google verarbeiten.<\/p>\n<p>\u00a0<\/p>\n<h4>ANNAHME<\/h4>\n<p>\u00a0<\/p>\n<p>Durch die Nutzung dieser Website akzeptiert der Nutzer ausdr\u00fccklich die Verarbeitung der gesammelten Informationen in der oben genannten Art und Weise und zu den oben genannten Zwecken. Sie erkennen au\u00dferdem an, dass Sie die M\u00f6glichkeit kennen, die Verarbeitung dieser Daten oder Informationen abzulehnen, indem Sie die Verwendung von Cookies ablehnen, indem Sie in Ihrem Browser die entsprechenden Einstellungen f\u00fcr diesen Zweck ausw\u00e4hlen.<\/p>\n<p>\u00a0<\/p>\n<h4>EINSTELLUNG<\/h4>\n<p>\u00a0<\/p>\n<p>Die Option zum Blockieren von Cookies in Ihrem Browser erm\u00f6glicht es Ihnen jedoch m\u00f6glicherweise nicht, alle Funktionen der Website vollst\u00e4ndig zu nutzen. Sie k\u00f6nnen auf Ihrem Computer installierte Cookies zulassen, blockieren oder l\u00f6schen, indem Sie Ihre Browseroptionen konfigurieren:<\/p>\n<p>Nachfolgend stellen wir Links zu verschiedenen Browsern bereit, \u00fcber die Sie diese Konfiguration vornehmen k\u00f6nnen:<\/p>\n<p>\u2013 Firefox von hier: https:\/\/support.mozilla.org\/es\/kb\/habilitar-y-deshabilitar-cookies-que-los-sitios-we<\/p>\n<p>\u2013 Chrome von hier: https:\/\/support.google.com\/chrome\/bin\/answer.py?hl=es&amp;answer=95647<\/p>\n<p>\u2013 Explorer von hier: https:\/\/windows.microsoft.com\/es-es\/internet-explorer\/delete-manage-cookies#ie=ie-10<\/p>\n<p>\u2013 Safari von hier: https:\/\/support.apple.com\/kb\/ph5042<\/p>\n<p>\u2013 Von hier aus arbeiten: https:\/\/help.opera.com\/Windows\/11.50\/es-ES\/cookies.html<\/p>\n<\/div>\n<\/div>\n<\/div>\n<!-- \/wp:paragraph -->\t\t\t\t\t\t\t\t<\/div>\n\t\t\t\t<\/div>\n\t\t\t\t\t<\/div>\n\t\t\t\t<\/div>\n\t\t\t\t<\/div>","protected":false},"excerpt":{"rendered":"<p>DEFINICI\u00d3N \u00a0 Cookie es un fichero que se descarga en su ordenador al acceder a determinadas p\u00e1ginas web. Las cookies permiten a una p\u00e1gina web, entre otras cosas, almacenar y recuperar informaci\u00f3n sobre los h\u00e1bitos de navegaci\u00f3n de un usuario o de su equipo y, dependiendo de la informaci\u00f3n que contengan y de la forma [&hellip;]<\/p>","protected":false},"author":1,"featured_media":0,"parent":0,"menu_order":0,"comment_status":"closed","ping_status":"closed","template":"elementor_header_footer","meta":{"site-sidebar-layout":"default","site-content-layout":"","ast-site-content-layout":"default","site-content-style":"default","site-sidebar-style":"default","ast-global-header-display":"","ast-banner-title-visibility":"","ast-main-header-display":"","ast-hfb-above-header-display":"","ast-hfb-below-header-display":"","ast-hfb-mobile-header-display":"","site-post-title":"","ast-breadcrumbs-content":"","ast-featured-img":"","footer-sml-layout":"","ast-disable-related-posts":"","theme-transparent-header-meta":"","adv-header-id-meta":"","stick-header-meta":"","header-above-stick-meta":"","header-main-stick-meta":"","header-below-stick-meta":"","astra-migrate-meta-layouts":"set","ast-page-background-enabled":"default","ast-page-background-meta":{"desktop":{"background-color":"var(--ast-global-color-5)","background-image":"","background-repeat":"repeat","background-position":"center center","background-size":"auto","background-attachment":"scroll","background-type":"","background-media":"","overlay-type":"","overlay-color":"","overlay-opacity":"","overlay-gradient":""},"tablet":{"background-color":"","background-image":"","background-repeat":"repeat","background-position":"center center","background-size":"auto","background-attachment":"scroll","background-type":"","background-media":"","overlay-type":"","overlay-color":"","overlay-opacity":"","overlay-gradient":""},"mobile":{"background-color":"","background-image":"","background-repeat":"repeat","background-position":"center center","background-size":"auto","background-attachment":"scroll","background-type":"","background-media":"","overlay-type":"","overlay-color":"","overlay-opacity":"","overlay-gradient":""}},"ast-content-background-meta":{"desktop":{"background-color":"var(--ast-global-color-4)","background-image":"","background-repeat":"repeat","background-position":"center center","background-size":"auto","background-attachment":"scroll","background-type":"","background-media":"","overlay-type":"","overlay-color":"","overlay-opacity":"","overlay-gradient":""},"tablet":{"background-color":"var(--ast-global-color-4)","background-image":"","background-repeat":"repeat","background-position":"center center","background-size":"auto","background-attachment":"scroll","background-type":"","background-media":"","overlay-type":"","overlay-color":"","overlay-opacity":"","overlay-gradient":""},"mobile":{"background-color":"var(--ast-global-color-4)","background-image":"","background-repeat":"repeat","background-position":"center center","background-size":"auto","background-attachment":"scroll","background-type":"","background-media":"","overlay-type":"","overlay-color":"","overlay-opacity":"","overlay-gradient":""}},"jetpack_post_was_ever_published":false,"footnotes":""},"class_list":["post-7230","page","type-page","status-publish","hentry"],"jetpack_sharing_enabled":true,"_links":{"self":[{"href":"https:\/\/sirpetershop.com\/de\/wp-json\/wp\/v2\/pages\/7230","targetHints":{"allow":["GET"]}}],"collection":[{"href":"https:\/\/sirpetershop.com\/de\/wp-json\/wp\/v2\/pages"}],"about":[{"href":"https:\/\/sirpetershop.com\/de\/wp-json\/wp\/v2\/types\/page"}],"author":[{"embeddable":true,"href":"https:\/\/sirpetershop.com\/de\/wp-json\/wp\/v2\/users\/1"}],"replies":[{"embeddable":true,"href":"https:\/\/sirpetershop.com\/de\/wp-json\/wp\/v2\/comments?post=7230"}],"version-history":[{"count":4,"href":"https:\/\/sirpetershop.com\/de\/wp-json\/wp\/v2\/pages\/7230\/revisions"}],"predecessor-version":[{"id":7234,"href":"https:\/\/sirpetershop.com\/de\/wp-json\/wp\/v2\/pages\/7230\/revisions\/7234"}],"wp:attachment":[{"href":"https:\/\/sirpetershop.com\/de\/wp-json\/wp\/v2\/media?parent=7230"}],"curies":[{"name":"wp","href":"https:\/\/api.w.org\/{rel}","templated":true}]}}