{"id":1137,"date":"2022-10-18T18:11:20","date_gmt":"2022-10-18T18:11:20","guid":{"rendered":"https:\/\/sirpetershop.com\/producto\/poster-v2\/"},"modified":"2026-04-13T12:49:43","modified_gmt":"2026-04-13T10:49:43","slug":"sir-peter-cock","status":"publish","type":"product","link":"https:\/\/sirpetershop.com\/de\/produkt\/sir-peter-cock\/","title":{"rendered":"Sir Peter Cock"},"content":{"rendered":"<p>&nbsp;<\/p>\n<ul>\n<li><strong>Gesamte Gr\u00f6\u00dfe<\/strong>: 25 cm \/ 9&#039;8 Zoll.<\/li>\n<li><strong>Einf\u00fchrbare Gr\u00f6\u00dfe<\/strong>: 23 cm \/ 9 Zoll.<\/li>\n<li><strong>Maximaler Durchmesser<\/strong>: 6,4 cm \/ 2,5 Zoll.<\/li>\n<li><strong>Umfang<\/strong>: 18 cm \/ 7 Zoll.<\/li>\n<li><strong>Gewicht<\/strong>: 780 g \/ 27,5 oz.<\/li>\n<li><strong>Materialien<\/strong>: Phthalatfreier HTV-Silikonkautschuk mit doppelter Dichte<\/li>\n<li><strong>Textur<\/strong>: Hyperrealistisch.<\/li>\n<li><strong>Wasserdicht<\/strong>: Ja (IPX7).<\/li>\n<\/ul>","protected":false},"excerpt":{"rendered":"<p><strong>Originalprodukt von Sir Peter<\/strong><\/p>\n<p>&nbsp;<\/p>\n<p><span style=\"color: #ff0000;\">(KOSTENLOSER VERSAND NACH GANZ SPANIEN)<\/span><\/p>\n<p>&nbsp;<\/p>\n<p>Wir pr\u00e4sentieren Ihnen den am meisten erwarteten Dildo, die EXAKTE Nachbildung des Glieds des Schauspielers Sir Peter, bei dem bis ins kleinste Detail geachtet wurde, um ein unschlagbar realistisches Ergebnis zu erzielen.<\/p>\n<p>&nbsp;<\/p>\n<p>Mit viel Detailreichtum und hergestellt aus hochwertigem Dual-Density-HTV-Silikon, das ihm eine weiche Textur und einen maximal realistischen Effekt verleiht.<\/p>\n<p>&nbsp;<\/p>\n<p>25 cm langer, weicher Lederdildo mit Farben, Haptik und Gr\u00f6\u00dfen, die genau dem echten Glied von Sir Peter entsprechen.<\/p>\n<p>Der voraussichtliche Versandtermin betr\u00e4gt 1 Woche nach Ihrem Kauf.<\/p>","protected":false},"featured_media":6475,"comment_status":"open","ping_status":"closed","template":"","meta":{"site-sidebar-layout":"default","site-content-layout":"default","ast-site-content-layout":"normal-width-container","site-content-style":"default","site-sidebar-style":"default","ast-global-header-display":"","ast-banner-title-visibility":"","ast-main-header-display":"","ast-hfb-above-header-display":"","ast-hfb-below-header-display":"","ast-hfb-mobile-header-display":"","site-post-title":"","ast-breadcrumbs-content":"","ast-featured-img":"","footer-sml-layout":"","ast-disable-related-posts":"","theme-transparent-header-meta":"default","adv-header-id-meta":"","stick-header-meta":"default","header-above-stick-meta":"","header-main-stick-meta":"","header-below-stick-meta":"","astra-migrate-meta-layouts":"set","ast-page-background-enabled":"default","ast-page-background-meta":{"desktop":{"background-color":"var(--ast-global-color-5)","background-image":"","background-repeat":"repeat","background-position":"center center","background-size":"auto","background-attachment":"scroll","background-type":"","background-media":"","overlay-type":"","overlay-color":"","overlay-opacity":"","overlay-gradient":""},"tablet":{"background-color":"","background-image":"","background-repeat":"repeat","background-position":"center center","background-size":"auto","background-attachment":"scroll","background-type":"","background-media":"","overlay-type":"","overlay-color":"","overlay-opacity":"","overlay-gradient":""},"mobile":{"background-color":"","background-image":"","background-repeat":"repeat","background-position":"center center","background-size":"auto","background-attachment":"scroll","background-type":"","background-media":"","overlay-type":"","overlay-color":"","overlay-opacity":"","overlay-gradient":""}},"ast-content-background-meta":{"desktop":{"background-color":"var(--ast-global-color-4)","background-image":"","background-repeat":"repeat","background-position":"center center","background-size":"auto","background-attachment":"scroll","background-type":"","background-media":"","overlay-type":"","overlay-color":"","overlay-opacity":"","overlay-gradient":""},"tablet":{"background-color":"var(--ast-global-color-4)","background-image":"","background-repeat":"repeat","background-position":"center center","background-size":"auto","background-attachment":"scroll","background-type":"","background-media":"","overlay-type":"","overlay-color":"","overlay-opacity":"","overlay-gradient":""},"mobile":{"background-color":"var(--ast-global-color-4)","background-image":"","background-repeat":"repeat","background-position":"center center","background-size":"auto","background-attachment":"scroll","background-type":"","background-media":"","overlay-type":"","overlay-color":"","overlay-opacity":"","overlay-gradient":""}},"jetpack_post_was_ever_published":false},"product_brand":[],"product_cat":[36],"product_tag":[59,41,50],"class_list":{"0":"post-1137","1":"product","2":"type-product","3":"status-publish","4":"has-post-thumbnail","6":"product_cat-juguetes","7":"product_tag-edicion-clasica","8":"product_tag-juguetes","9":"product_tag-silicona","10":"product_shipping_class-envio-urgente","11":"desktop-align-center","12":"tablet-align-left","13":"mobile-align-left","15":"first","16":"instock","17":"taxable","18":"shipping-taxable","19":"purchasable","20":"product-type-simple"},"jetpack_sharing_enabled":true,"_links":{"self":[{"href":"https:\/\/sirpetershop.com\/de\/wp-json\/wp\/v2\/product\/1137","targetHints":{"allow":["GET"]}}],"collection":[{"href":"https:\/\/sirpetershop.com\/de\/wp-json\/wp\/v2\/product"}],"about":[{"href":"https:\/\/sirpetershop.com\/de\/wp-json\/wp\/v2\/types\/product"}],"replies":[{"embeddable":true,"href":"https:\/\/sirpetershop.com\/de\/wp-json\/wp\/v2\/comments?post=1137"}],"version-history":[{"count":15,"href":"https:\/\/sirpetershop.com\/de\/wp-json\/wp\/v2\/product\/1137\/revisions"}],"predecessor-version":[{"id":6398,"href":"https:\/\/sirpetershop.com\/de\/wp-json\/wp\/v2\/product\/1137\/revisions\/6398"}],"wp:featuredmedia":[{"embeddable":true,"href":"https:\/\/sirpetershop.com\/de\/wp-json\/wp\/v2\/media\/6475"}],"wp:attachment":[{"href":"https:\/\/sirpetershop.com\/de\/wp-json\/wp\/v2\/media?parent=1137"}],"wp:term":[{"taxonomy":"product_brand","embeddable":true,"href":"https:\/\/sirpetershop.com\/de\/wp-json\/wp\/v2\/product_brand?post=1137"},{"taxonomy":"product_cat","embeddable":true,"href":"https:\/\/sirpetershop.com\/de\/wp-json\/wp\/v2\/product_cat?post=1137"},{"taxonomy":"product_tag","embeddable":true,"href":"https:\/\/sirpetershop.com\/de\/wp-json\/wp\/v2\/product_tag?post=1137"}],"curies":[{"name":"wp","href":"https:\/\/api.w.org\/{rel}","templated":true}]}}