{"id":3,"date":"2024-01-25T14:16:02","date_gmt":"2024-01-25T13:16:02","guid":{"rendered":"http:\/\/sirpetershop.com\/?page_id=3"},"modified":"2024-03-18T16:42:36","modified_gmt":"2024-03-18T15:42:36","slug":"politica-privacidad","status":"publish","type":"page","link":"https:\/\/sirpetershop.com\/fr\/politica-privacidad\/","title":{"rendered":"Pol\u00edtica de privacidad"},"content":{"rendered":"<div data-elementor-type=\"wp-page\" data-elementor-id=\"3\" class=\"elementor elementor-3\" data-elementor-post-type=\"page\">\n\t\t\t\t<div data-particle_enable=\"false\" data-particle-mobile-disabled=\"false\" class=\"elementor-element elementor-element-618c9efd e-flex e-con-boxed e-con e-parent\" data-id=\"618c9efd\" data-element_type=\"container\" data-e-type=\"container\">\n\t\t\t\t\t<div class=\"e-con-inner\">\n\t\t\t\t<div class=\"elementor-element elementor-element-645a471a elementor-widget elementor-widget-text-editor\" data-id=\"645a471a\" data-element_type=\"widget\" data-e-type=\"widget\" data-widget_type=\"text-editor.default\">\n\t\t\t\t<div class=\"elementor-widget-container\">\n\t\t\t\t\t\t\t\t\t<h4>Mis \u00e0 jour le 2024-03-18<\/h4>\n<p>Sir Peter Shop s&#039;engage \u00e0 prot\u00e9ger votre vie priv\u00e9e. Cette politique de confidentialit\u00e9 explique comment Sir Peter Shop collecte, utilise et divulgue vos informations personnelles. Cette politique de confidentialit\u00e9 s&#039;applique \u00e0 notre site Web, sirpetershop.com, et \u00e0 ses sous-domaines associ\u00e9s (collectivement, notre \u00ab Service \u00bb). En acc\u00e9dant ou en utilisant notre Service, vous indiquez que vous avez lu, compris et accept\u00e9 notre collecte, stockage, utilisation et divulgation de vos informations personnelles comme d\u00e9crit dans la pr\u00e9sente Politique de confidentialit\u00e9 et nos Conditions d&#039;utilisation.<\/p>\n<p>\u00a0<\/p>\n<h3>D\u00e9finitions et termes cl\u00e9s<\/h3>\n<p>Pour aider \u00e0 expliquer les choses aussi clairement que possible dans cette politique de confidentialit\u00e9, chaque fois que l&#039;un de ces termes est mentionn\u00e9, ils sont strictement d\u00e9finis comme\u00a0:<\/p>\n<ul>\n<li><strong>Biscuit:<\/strong> petite quantit\u00e9 de donn\u00e9es g\u00e9n\u00e9r\u00e9es par un site Web et enregistr\u00e9es par votre navigateur Web. Il est utilis\u00e9 pour identifier votre navigateur, fournir des analyses, m\u00e9moriser des informations vous concernant telles que votre pr\u00e9f\u00e9rence linguistique ou vos informations de connexion.<\/li>\n<li><strong>Compagnie:<\/strong> Lorsque cette politique mentionne \u00ab Soci\u00e9t\u00e9 \u00bb, \u00ab nous \u00bb, \u00ab notre \u00bb ou \u00ab notre \u00bb, elle fait r\u00e9f\u00e9rence \u00e0 <strong>Oui, Sir Entertainment, SL<\/strong>, C\/Fernando VI, 17 \u2013 1\u00baIzq \u2013 28004 Madrid, qui est responsable de vos informations en vertu de la pr\u00e9sente politique de confidentialit\u00e9.<\/li>\n<li><strong>Plate-forme:<\/strong> Site Internet, application Web ou application num\u00e9rique destin\u00e9e au public de Sir Peter Shop<\/li>\n<li><strong>Pays:<\/strong> o\u00f9 se trouve Sir Peter Shop ou les propri\u00e9taires\/fondateurs de Sir Peter Shop dans ce cas sont <strong>Espagne<\/strong>.<\/li>\n<li><strong>Client:<\/strong> d\u00e9signe la soci\u00e9t\u00e9, l&#039;organisation ou la personne qui s&#039;inscrit pour utiliser le service Sir Peter Shop afin de g\u00e9rer les relations avec ses consommateurs ou utilisateurs du service.<\/li>\n<li><strong>Appareil:<\/strong> tout appareil connect\u00e9 \u00e0 Internet, tel qu&#039;un t\u00e9l\u00e9phone, une tablette, un ordinateur ou tout autre appareil pouvant \u00eatre utilis\u00e9 pour visiter Sir Peter Shop et utiliser les services.<\/li>\n<li><strong>Adresse IP:<\/strong> Chaque appareil connect\u00e9 \u00e0 Internet se voit attribuer un num\u00e9ro appel\u00e9 adresse IP (Internet Protocol). Ces num\u00e9ros sont g\u00e9n\u00e9ralement attribu\u00e9s en blocs g\u00e9ographiques. Une adresse IP peut souvent \u00eatre utilis\u00e9e pour identifier l&#039;emplacement \u00e0 partir duquel un appareil se connecte \u00e0 Internet.<\/li>\n<li><strong>Personnel:<\/strong> d\u00e9signe les personnes employ\u00e9es par Sir Peter Shop ou sous contrat pour fournir un service au nom d&#039;une partie.<\/li>\n<li><strong>Informations personnelles:<\/strong> toute information qui, directement, indirectement ou en relation avec d&#039;autres informations, y compris un num\u00e9ro d&#039;identification personnel, permet l&#039;identification d&#039;une personne physique.<\/li>\n<li><strong>Service:<\/strong> d\u00e9signe le service fourni par Sir Peter Shop tel que d\u00e9crit dans les conditions relatives (si disponibles) et sur cette plateforme.<\/li>\n<li><strong>Tiers\u00a0:<\/strong> fait r\u00e9f\u00e9rence aux annonceurs, sponsors de concours, partenaires marketing et promotionnels et autres personnes qui fournissent notre contenu ou dont nous pensons que les produits ou services pourraient vous int\u00e9resser.<\/li>\n<li><strong>Site Web:<\/strong> le site Sir Peter Shop, accessible via cette URL : <a>sirpetershop.com.<\/a><\/li>\n<li><strong>Toi:<\/strong> une personne ou une entit\u00e9 enregistr\u00e9e aupr\u00e8s de Sir Peter Shop pour utiliser les services.<\/li>\n<\/ul>\n<h4>Quelles informations collectons-nous?<\/h4>\n<p>Nous collectons des informations vous concernant lorsque vous visitez notre plateforme, vous inscrivez sur notre site, passez une commande, vous abonnez \u00e0 notre newsletter, r\u00e9pondez \u00e0 une enqu\u00eate ou remplissez un formulaire.<\/p>\n<ul>\n<li>Nom\/nom d&#039;utilisateur<\/li>\n<li>Num\u00e9ros de t\u00e9l\u00e9phone<\/li>\n<li>Courriers \u00e9lectroniques<\/li>\n<li>Adresses mail<\/li>\n<li>Adresses de facturation<\/li>\n<li>Mot de passe<\/li>\n<\/ul>\n<p>Nous collectons \u00e9galement des informations sur les appareils mobiles pour une meilleure exp\u00e9rience utilisateur, bien que ces fonctionnalit\u00e9s soient totalement facultatives\u00a0:<\/p>\n<ul>\n<li>Localisation (GPS)\u00a0: <strong>donn\u00e9es de localisation<\/strong> Ils aident \u00e0 cr\u00e9er une repr\u00e9sentation pr\u00e9cise de vos int\u00e9r\u00eats, et cela peut \u00eatre utilis\u00e9 pour proposer des publicit\u00e9s plus sp\u00e9cifiques et pertinentes aux clients potentiels.<\/li>\n<\/ul>\n<h4>Comment utilisons-nous les informations que nous collectons ?<\/h4>\n<p>Toutes les informations que nous collectons aupr\u00e8s de vous peuvent \u00eatre utilis\u00e9es de l\u2019une des mani\u00e8res suivantes\u00a0:<\/p>\n<ul>\n<li>Pour personnaliser votre exp\u00e9rience (vos informations nous aident \u00e0 mieux r\u00e9pondre \u00e0 vos besoins individuels)<\/li>\n<li>Pour am\u00e9liorer notre plateforme (nous nous effor\u00e7ons continuellement d&#039;am\u00e9liorer ce que notre plateforme propose en fonction des informations et des commentaires que nous recevons de votre part)<\/li>\n<li>Pour am\u00e9liorer le service client (vos informations nous aident \u00e0 r\u00e9pondre plus efficacement \u00e0 vos demandes de service client et \u00e0 vos besoins d&#039;assistance)<\/li>\n<li>Pour traiter les transactions et les achats<\/li>\n<li>Pour administrer un concours, une promotion, une enqu\u00eate ou toute autre fonctionnalit\u00e9 du site<\/li>\n<li>Pour envoyer des e-mails p\u00e9riodiques<\/li>\n<\/ul>\n<h4>Quand Sir Peter Shop utilise-t-il les informations de clients tiers ?<\/h4>\n<p>Nous recevons des informations de tiers lorsque vous nous contactez. Par exemple, lorsque vous nous soumettez votre adresse e-mail pour indiquer votre int\u00e9r\u00eat \u00e0 devenir client de Sir Peter Shop, nous recevons des informations d&#039;un tiers qui fournit des services automatis\u00e9s de d\u00e9tection de fraude \u00e0 Sir Peter Shop. De temps en temps, nous collectons \u00e9galement des informations rendues publiques sur les sites de m\u00e9dias sociaux. Vous pouvez contr\u00f4ler la quantit\u00e9 d&#039;informations que les sites de m\u00e9dias sociaux rendent publiques en visitant ces sites Web et en modifiant vos param\u00e8tres de confidentialit\u00e9. <br \/><br \/><\/p>\n<h4>Partageons-nous les informations que nous collectons avec des tiers ?<\/h4>\n<p>Nous pouvons partager les informations que nous collectons, \u00e0 la fois personnelles et non personnelles, avec des tiers tels que des annonceurs, des sponsors de concours, des partenaires marketing et promotionnels et d&#039;autres personnes qui fournissent notre contenu ou dont les produits ou services, selon nous, pourraient vous int\u00e9resser. Nous pouvons \u00e9galement le partager avec nos soci\u00e9t\u00e9s affili\u00e9es et partenaires commerciaux actuels et futurs. <br \/><br \/>Nous pouvons engager des prestataires de services tiers de confiance pour ex\u00e9cuter des fonctions et nous fournir des services, tels que l&#039;h\u00e9bergement et la maintenance de nos serveurs et de notre plateforme, le stockage et la gestion de bases de donn\u00e9es, la gestion des e-mails, le marketing de stockage, le traitement des donn\u00e9es des cartes de cr\u00e9dit, le service et l&#039;ex\u00e9cution des commandes. pour les produits et services que vous pouvez acheter via la plateforme. Nous pouvons partager vos informations personnelles, et \u00e9ventuellement certaines informations non personnelles, avec ces tiers pour leur permettre d&#039;ex\u00e9cuter ces services pour nous et pour vous.\u00a0 <br \/><br \/>Nous pouvons partager des parties de nos donn\u00e9es de fichiers journaux, y compris les adresses IP, \u00e0 des fins d&#039;analyse avec des tiers tels que des partenaires d&#039;analyse Web, des d\u00e9veloppeurs d&#039;applications et des r\u00e9seaux publicitaires. Si votre adresse IP est partag\u00e9e, elle peut \u00eatre utilis\u00e9e pour estimer l&#039;emplacement g\u00e9n\u00e9ral et d&#039;autres donn\u00e9es technologiques, telles que la vitesse de connexion, si vous avez visit\u00e9 la Plateforme dans un emplacement partag\u00e9 et le type d&#039;appareil utilis\u00e9 pour visiter la Plateforme. Ils peuvent regrouper des informations sur notre publicit\u00e9 et ce que vous voyez sur la plateforme, puis fournir des audits, des enqu\u00eates et des rapports pour nous et nos annonceurs.\u00a0 <br \/><br \/>Nous pouvons \u00e9galement divulguer des informations personnelles et non personnelles vous concernant au gouvernement, aux forces de l&#039;ordre ou \u00e0 des tiers priv\u00e9s si nous pensons, \u00e0 notre seule discr\u00e9tion, n\u00e9cessaires ou appropri\u00e9es pour r\u00e9pondre aux r\u00e9clamations, aux proc\u00e9dures judiciaires (y compris les assignations \u00e0 compara\u00eetre), pour prot\u00e9ger nos droits. et int\u00e9r\u00eats ou ceux d&#039;un tiers, la s\u00e9curit\u00e9 du public ou de toute personne, pour pr\u00e9venir ou arr\u00eater toute activit\u00e9 ill\u00e9gale, contraire \u00e0 l&#039;\u00e9thique ou passible de poursuites judiciaires, ou pour se conformer aux ordonnances, lois, r\u00e8gles et r\u00e9glementations des tribunaux applicables. <br \/><br \/><\/p>\n<h4>O\u00f9 et quand les informations sur les clients et les utilisateurs finaux sont-elles collect\u00e9es\u00a0?<\/h4>\n<p>Sir Peter Shop collectera les informations personnelles que vous nous soumettez. Nous pouvons \u00e9galement recevoir des informations personnelles vous concernant de la part de tiers, comme d\u00e9crit ci-dessus.<\/p>\n<p><br \/><br \/><\/p>\n<h4>Mes informations pourraient-elles \u00eatre transf\u00e9r\u00e9es vers d\u2019autres pays ?<\/h4>\n<p>Nous sommes constitu\u00e9s en Espagne. Les informations collect\u00e9es via notre site Web, via des interactions directes avec vous ou via l&#039;utilisation de nos services d&#039;assistance peuvent \u00eatre transf\u00e9r\u00e9es de temps \u00e0 autre \u00e0 nos bureaux ou \u00e0 notre personnel, ou \u00e0 des tiers, situ\u00e9s dans le monde entier, et peuvent \u00eatre consult\u00e9es et h\u00e9berg\u00e9es. partout dans le monde, y compris dans les pays qui ne disposent pas de lois g\u00e9n\u00e9ralement applicables r\u00e9gissant l&#039;utilisation et le transfert de ces donn\u00e9es. Dans toute la mesure permise par la loi applicable, en utilisant l\u2019un des \u00e9l\u00e9ments ci-dessus, vous consentez volontairement au transfert et \u00e0 l\u2019h\u00e9bergement transfrontaliers de ces informations. <br \/><br \/><\/p>\n<h4>Les informations collect\u00e9es via le service Sir Peter Shop sont-elles s\u00e9curis\u00e9es ?<\/h4>\n<p>Nous prenons toutes les pr\u00e9cautions pour prot\u00e9ger la s\u00e9curit\u00e9 de vos informations. Nous avons mis en place des proc\u00e9dures physiques, \u00e9lectroniques et administratives pour aider \u00e0 prot\u00e9ger, emp\u00eacher tout acc\u00e8s non autoris\u00e9, maintenir la s\u00e9curit\u00e9 des donn\u00e9es et utiliser correctement vos informations. Cependant, ni les personnes ni les syst\u00e8mes de s\u00e9curit\u00e9 ne sont infaillibles, y compris les syst\u00e8mes de chiffrement. De plus, les gens peuvent commettre des crimes intentionnels, commettre des erreurs ou ne pas suivre les politiques. Par cons\u00e9quent, m\u00eame si nous d\u00e9ployons des efforts raisonnables pour prot\u00e9ger vos informations personnelles, nous ne pouvons garantir leur s\u00e9curit\u00e9 absolue. Si la loi applicable impose une obligation imp\u00e9rieuse de prot\u00e9ger vos informations personnelles, vous acceptez que la faute intentionnelle soit la norme utilis\u00e9e pour mesurer notre respect de cette obligation. <br \/><br \/><\/p>\n<h4>Puis-je mettre \u00e0 jour ou corriger mes informations ?<\/h4>\n<p>Les droits dont vous disposez pour demander des mises \u00e0 jour ou des corrections des informations collect\u00e9es par Sir Peter Shop d\u00e9pendent de votre relation avec Sir Peter Shop. Le personnel peut mettre \u00e0 jour ou corriger ses informations comme d\u00e9taill\u00e9 dans nos politiques d&#039;emploi internes \u00e0 l&#039;entreprise. <br \/><br \/>Les clients ont le droit de demander la restriction de certaines utilisations et divulgations d&#039;informations personnellement identifiables comme suit. Vous pouvez nous contacter pour (1) mettre \u00e0 jour ou corriger vos informations personnelles identifiables, (2) modifier vos pr\u00e9f\u00e9rences concernant les communications et autres informations que vous recevez de notre part, ou (3) supprimer les informations personnelles identifiables conserv\u00e9es \u00e0 votre sujet dans notre syst\u00e8me (sous r\u00e9serve des paragraphe suivant), annulant votre compte. Ces mises \u00e0 jour, corrections, modifications et suppressions n&#039;auront aucun effet sur les autres informations que nous conservons ou sur les informations que nous avons fournies \u00e0 des tiers conform\u00e9ment \u00e0 la pr\u00e9sente politique de confidentialit\u00e9 avant une telle mise \u00e0 jour, correction, modification ou suppression. Pour prot\u00e9ger votre confidentialit\u00e9 et votre s\u00e9curit\u00e9, nous pouvons prendre des mesures raisonnables (comme exiger un mot de passe unique) pour v\u00e9rifier votre identit\u00e9 avant de vous accorder l&#039;acc\u00e8s \u00e0 votre profil ou d&#039;apporter des corrections. Vous \u00eates responsable du maintien de la confidentialit\u00e9 de votre mot de passe unique et des informations de votre compte \u00e0 tout moment. <br \/><br \/>Vous devez \u00eatre conscient qu\u2019il n\u2019est pas technologiquement possible de supprimer de notre syst\u00e8me chaque enregistrement des informations que vous nous avez fournies. La n\u00e9cessit\u00e9 de sauvegarder nos syst\u00e8mes pour prot\u00e9ger les informations contre toute perte accidentelle signifie qu&#039;une copie de vos informations peut exister sous une forme qui ne peut pas \u00eatre effac\u00e9e et qu&#039;il nous sera difficile, voire impossible, de la localiser. Imm\u00e9diatement apr\u00e8s r\u00e9ception de votre demande, toutes les informations personnelles stock\u00e9es dans les bases de donn\u00e9es que nous utilisons activement et dans d&#039;autres m\u00e9dias facilement consultables seront mises \u00e0 jour, corrig\u00e9es, modifi\u00e9es ou supprim\u00e9es, selon le cas, d\u00e8s que et dans la mesure raisonnablement et techniquement possible. <br \/><br \/>Si vous \u00eates un utilisateur final et souhaitez mettre \u00e0 jour, supprimer ou recevoir toute information que nous d\u00e9tenons \u00e0 votre sujet, vous pouvez le faire en contactant l&#039;organisation dont vous \u00eates client. <br \/><br \/><\/p>\n<h4>Personnel<\/h4>\n<p>Si vous \u00eates un travailleur ou un candidat de Sir Peter Shop, nous collectons les informations que vous nous fournissez volontairement. Nous utilisons les informations collect\u00e9es \u00e0 des fins de ressources humaines pour administrer les avantages sociaux des employ\u00e9s et s\u00e9lectionner les candidats. <br \/><br \/>Vous pouvez nous contacter pour (1) mettre \u00e0 jour ou corriger vos informations, (2) modifier vos pr\u00e9f\u00e9rences concernant les communications et autres informations que vous recevez de notre part, ou (3) recevoir un enregistrement des informations que nous d\u00e9tenons \u00e0 votre sujet. Ces mises \u00e0 jour, corrections, modifications et suppressions n&#039;auront aucun effet sur les autres informations que nous conservons ou sur les informations que nous avons fournies \u00e0 des tiers conform\u00e9ment \u00e0 la pr\u00e9sente politique de confidentialit\u00e9 avant une telle mise \u00e0 jour, correction, modification ou suppression. <br \/><br \/><\/p>\n<h4>Vente d&#039;entreprise<\/h4>\n<p>Nous nous r\u00e9servons le droit de transf\u00e9rer des informations \u00e0 un tiers en cas de vente, de fusion ou de tout autre transfert de la totalit\u00e9 ou de la quasi-totalit\u00e9 des actifs de Sir Peter Shop ou de l&#039;une de ses soci\u00e9t\u00e9s affili\u00e9es (telles que d\u00e9finies dans les pr\u00e9sentes), ou de la partie de Sir Peter Shop ou l&#039;une de ses soci\u00e9t\u00e9s affili\u00e9es \u00e0 laquelle le Service se rapporte, ou dans le cas o\u00f9 nous cessons nos activit\u00e9s ou d\u00e9posons une requ\u00eate ou avons d\u00e9pos\u00e9 une requ\u00eate contre nous en cas de faillite, de r\u00e9organisation ou de proc\u00e9dure similaire, \u00e0 condition que le tiers la partie s&#039;engage \u00e0 adh\u00e9rer aux termes de cette politique de confidentialit\u00e9. <br \/><br \/><\/p>\t\t\t\t\t\t\t\t<\/div>\n\t\t\t\t<\/div>\n\t\t\t\t\t<\/div>\n\t\t\t\t<\/div>\n\t\t\t\t<\/div>","protected":false},"excerpt":{"rendered":"<p>Actualizado el 2024-03-18 Sir Peter Shop se compromete a proteger su privacidad. Esta Pol\u00edtica de privacidad explica c\u00f3mo Sir Peter Shop recopila, usa y divulga su informaci\u00f3n personal. Esta Pol\u00edtica de privacidad se aplica a nuestro sitio web, sirpetershop.com, y sus subdominios asociados (colectivamente, nuestro \u00abServicio\u00bb). Al acceder o utilizar nuestro Servicio, usted indica que [&hellip;]<\/p>","protected":false},"author":1,"featured_media":0,"parent":0,"menu_order":0,"comment_status":"closed","ping_status":"closed","template":"elementor_header_footer","meta":{"site-sidebar-layout":"default","site-content-layout":"","ast-site-content-layout":"default","site-content-style":"default","site-sidebar-style":"default","ast-global-header-display":"","ast-banner-title-visibility":"","ast-main-header-display":"","ast-hfb-above-header-display":"","ast-hfb-below-header-display":"","ast-hfb-mobile-header-display":"","site-post-title":"","ast-breadcrumbs-content":"","ast-featured-img":"","footer-sml-layout":"","ast-disable-related-posts":"","theme-transparent-header-meta":"","adv-header-id-meta":"","stick-header-meta":"","header-above-stick-meta":"","header-main-stick-meta":"","header-below-stick-meta":"","astra-migrate-meta-layouts":"default","ast-page-background-enabled":"default","ast-page-background-meta":{"desktop":{"background-color":"var(--ast-global-color-5)","background-image":"","background-repeat":"repeat","background-position":"center center","background-size":"auto","background-attachment":"scroll","background-type":"","background-media":"","overlay-type":"","overlay-color":"","overlay-opacity":"","overlay-gradient":""},"tablet":{"background-color":"","background-image":"","background-repeat":"repeat","background-position":"center center","background-size":"auto","background-attachment":"scroll","background-type":"","background-media":"","overlay-type":"","overlay-color":"","overlay-opacity":"","overlay-gradient":""},"mobile":{"background-color":"","background-image":"","background-repeat":"repeat","background-position":"center center","background-size":"auto","background-attachment":"scroll","background-type":"","background-media":"","overlay-type":"","overlay-color":"","overlay-opacity":"","overlay-gradient":""}},"ast-content-background-meta":{"desktop":{"background-color":"var(--ast-global-color-4)","background-image":"","background-repeat":"repeat","background-position":"center center","background-size":"auto","background-attachment":"scroll","background-type":"","background-media":"","overlay-type":"","overlay-color":"","overlay-opacity":"","overlay-gradient":""},"tablet":{"background-color":"var(--ast-global-color-4)","background-image":"","background-repeat":"repeat","background-position":"center center","background-size":"auto","background-attachment":"scroll","background-type":"","background-media":"","overlay-type":"","overlay-color":"","overlay-opacity":"","overlay-gradient":""},"mobile":{"background-color":"var(--ast-global-color-4)","background-image":"","background-repeat":"repeat","background-position":"center center","background-size":"auto","background-attachment":"scroll","background-type":"","background-media":"","overlay-type":"","overlay-color":"","overlay-opacity":"","overlay-gradient":""}},"jetpack_post_was_ever_published":false,"footnotes":""},"class_list":["post-3","page","type-page","status-publish","hentry"],"jetpack_sharing_enabled":true,"_links":{"self":[{"href":"https:\/\/sirpetershop.com\/fr\/wp-json\/wp\/v2\/pages\/3","targetHints":{"allow":["GET"]}}],"collection":[{"href":"https:\/\/sirpetershop.com\/fr\/wp-json\/wp\/v2\/pages"}],"about":[{"href":"https:\/\/sirpetershop.com\/fr\/wp-json\/wp\/v2\/types\/page"}],"author":[{"embeddable":true,"href":"https:\/\/sirpetershop.com\/fr\/wp-json\/wp\/v2\/users\/1"}],"replies":[{"embeddable":true,"href":"https:\/\/sirpetershop.com\/fr\/wp-json\/wp\/v2\/comments?post=3"}],"version-history":[{"count":4,"href":"https:\/\/sirpetershop.com\/fr\/wp-json\/wp\/v2\/pages\/3\/revisions"}],"predecessor-version":[{"id":5810,"href":"https:\/\/sirpetershop.com\/fr\/wp-json\/wp\/v2\/pages\/3\/revisions\/5810"}],"wp:attachment":[{"href":"https:\/\/sirpetershop.com\/fr\/wp-json\/wp\/v2\/media?parent=3"}],"curies":[{"name":"wp","href":"https:\/\/api.w.org\/{rel}","templated":true}]}}