{"id":7230,"date":"2024-03-31T19:55:49","date_gmt":"2024-03-31T17:55:49","guid":{"rendered":"https:\/\/sirpetershop.com\/?page_id=7230"},"modified":"2024-03-31T19:58:48","modified_gmt":"2024-03-31T17:58:48","slug":"cookies","status":"publish","type":"page","link":"https:\/\/sirpetershop.com\/fr\/cookies\/","title":{"rendered":"Uso de Cookies"},"content":{"rendered":"<div data-elementor-type=\"wp-page\" data-elementor-id=\"7230\" class=\"elementor elementor-7230\" data-elementor-post-type=\"page\">\n\t\t\t\t<div data-particle_enable=\"false\" data-particle-mobile-disabled=\"false\" class=\"elementor-element elementor-element-6d00a2ba e-flex e-con-boxed e-con e-parent\" data-id=\"6d00a2ba\" data-element_type=\"container\" data-e-type=\"container\">\n\t\t\t\t\t<div class=\"e-con-inner\">\n\t\t\t\t<div class=\"elementor-element elementor-element-1c3839e5 elementor-widget elementor-widget-text-editor\" data-id=\"1c3839e5\" data-element_type=\"widget\" data-e-type=\"widget\" data-widget_type=\"text-editor.default\">\n\t\t\t\t<div class=\"elementor-widget-container\">\n\t\t\t\t\t\t\t\t\t<div id=\"row-1642591413\" class=\"row\">\n<div id=\"col-264826345\" class=\"col medium-12 large-12\">\n<div class=\"col-inner\">\n<h4>D\u00c9FINITION<\/h4>\n<p>\u00a0<\/p>\nUn cookie est un fichier t\u00e9l\u00e9charg\u00e9 sur votre ordinateur lorsque vous acc\u00e9dez \u00e0 certaines pages Web. Les cookies permettent, entre autres, \u00e0 un site Web de stocker et de r\u00e9cup\u00e9rer des informations sur les habitudes de navigation d&#039;un utilisateur ou de son \u00e9quipement et, en fonction des informations qu&#039;ils contiennent et de la mani\u00e8re dont vous utilisez votre \u00e9quipement, ils peuvent \u00eatre utilis\u00e9s pour reconna\u00eetre l&#039;utilisateur. Le navigateur de l&#039;utilisateur stocke les cookies sur le disque dur uniquement pendant la session en cours, occupant un minimum d&#039;espace m\u00e9moire et n&#039;endommageant pas l&#039;ordinateur. Les cookies ne contiennent aucune information personnelle sp\u00e9cifique et la plupart d&#039;entre eux sont supprim\u00e9s du disque dur \u00e0 la fin de la session du navigateur (appel\u00e9s cookies de session). La plupart des navigateurs acceptent par d\u00e9faut les cookies et, ind\u00e9pendamment d&#039;eux, autorisent ou emp\u00eachent les cookies temporaires ou m\u00e9moris\u00e9s dans les param\u00e8tres de s\u00e9curit\u00e9.\n<p>\u00a0<\/p>\n<\/div>\n<\/div>\n<\/div>\n<div id=\"row-1642591413\" class=\"row\">\n<div id=\"col-264826345\" class=\"col medium-12 large-12\">\n<div class=\"col-inner\">\n<h4>TYPES DE COOKIES UTILIS\u00c9S SUR CE SITE\u00a0:<\/h4>\n<p>\u00a0<\/p>\n<p>\u2013 Cookies techniques : ce sont ceux qui permettent \u00e0 l\u2019utilisateur de naviguer sur une page web, une plateforme ou une application et d\u2019utiliser les diff\u00e9rentes options ou services qui y existent, comme, par exemple, le contr\u00f4le du trafic et de la communication des donn\u00e9es, l\u2019identification de la session, l\u2019acc\u00e8s restreint. acc\u00e9der aux pi\u00e8ces, m\u00e9moriser les \u00e9l\u00e9ments qui composent une commande, effectuer le processus d&#039;achat d&#039;une commande, faire la demande d&#039;inscription ou de participation \u00e0 un \u00e9v\u00e9nement, utiliser des \u00e9l\u00e9ments de s\u00e9curit\u00e9 lors de la navigation, stocker du contenu pour la diffusion de vid\u00e9os ou de sons ou le partage de contenu \u00e0 travers les r\u00e9seaux sociaux.<br \/>\u2013 Cookies de personnalisation : ce sont ceux qui permettent \u00e0 l&#039;utilisateur d&#039;acc\u00e9der au service avec certaines caract\u00e9ristiques g\u00e9n\u00e9rales pr\u00e9d\u00e9finies en fonction d&#039;une s\u00e9rie de crit\u00e8res sur le terminal de l&#039;utilisateur, tels que la langue, le type de navigateur par lequel l&#039;utilisateur acc\u00e8de au service, la langue \u00e0 partir de laquelle vous acc\u00e9dez au service, etc.<br \/>\u2013 Cookies d\u2019analyse : Ce sont ceux qui, bien trait\u00e9s par nous ou par des tiers, nous permettent de quantifier le nombre d\u2019utilisateurs et ainsi r\u00e9aliser la mesure et l\u2019analyse statistique de l\u2019utilisation faite par les utilisateurs du service propos\u00e9. Pour ce faire, votre navigation sur notre site Internet est analys\u00e9e afin d&#039;am\u00e9liorer l&#039;offre de produits ou services que nous proposons.<br \/>\u2013 Cookies publicitaires\u00a0: ce sont ceux qui, qu&#039;ils soient trait\u00e9s par nous ou par des tiers, nous permettent de g\u00e9rer de la mani\u00e8re la plus efficace possible l&#039;offre d&#039;espaces publicitaires sur le site Web, en adaptant le contenu de l&#039;annonce au contenu du service demand\u00e9. ou l&#039;utilisation que vous faites de notre site Web. Pour ce faire, nous pouvons analyser vos habitudes de navigation sur Internet et nous pouvons vous montrer des publicit\u00e9s li\u00e9es \u00e0 votre profil de navigation.<br \/>\u2013 Cookies de publicit\u00e9 comportementale\u00a0: ce sont ceux qui permettent de g\u00e9rer, de la mani\u00e8re la plus efficace possible, les espaces publicitaires que, le cas \u00e9ch\u00e9ant, l&#039;\u00e9diteur a inclus dans une page Web, une application ou une plateforme \u00e0 partir de laquelle le service demand\u00e9 est fourni. Ces cookies stockent des informations sur le comportement des utilisateurs obtenues gr\u00e2ce \u00e0 l&#039;observation continue de leurs habitudes de navigation, ce qui permet de d\u00e9velopper un profil sp\u00e9cifique pour afficher des publicit\u00e9s bas\u00e9es sur celui-ci.<br \/>\u2013 Cookies tiers : Ce site Web peut utiliser des services tiers qui collecteront des informations \u00e0 des fins statistiques concernant l\u2019utilisation du Site par l\u2019utilisateur et pour la fourniture d\u2019autres services li\u00e9s \u00e0 l\u2019activit\u00e9 du Site Web et d\u2019autres services Internet. Ce site Web utilise notamment Google Analytics, un service d&#039;analyse Web fourni par Google, Inc. domicili\u00e9 aux \u00c9tats-Unis et dont le si\u00e8ge social est situ\u00e9 au 1600 Amphitheatre Parkway, Mountain View, Californie 94043. Pour fournir ces services, ils utilisent des cookies qui collectent des informations, notamment l&#039;adresse IP de l&#039;utilisateur, qui sera transmise, trait\u00e9e et stock\u00e9e par Google selon les conditions \u00e9tablies sur le site Google.com. Y compris la transmission \u00e9ventuelle de ces informations \u00e0 des tiers pour des raisons d&#039;exigence l\u00e9gale ou lorsque ces tiers traitent les informations pour le compte de Google.<\/p>\n<p>\u00a0<\/p>\n<h4>ACCEPTATION<\/h4>\n<p>\u00a0<\/p>\n<p>L&#039;Utilisateur accepte express\u00e9ment, en utilisant ce Site, le traitement des informations collect\u00e9es de la mani\u00e8re et pour les finalit\u00e9s mentionn\u00e9es ci-dessus. Et vous reconnaissez \u00e9galement conna\u00eetre la possibilit\u00e9 de refuser le traitement de ces donn\u00e9es ou informations en refusant l&#039;utilisation de Cookies en s\u00e9lectionnant les param\u00e8tres appropri\u00e9s \u00e0 cet effet dans votre navigateur.<\/p>\n<p>\u00a0<\/p>\n<h4>PARAM\u00c8TRE<\/h4>\n<p>\u00a0<\/p>\n<p>Toutefois, l&#039;option de blocage des cookies dans votre navigateur peut ne pas vous permettre d&#039;utiliser pleinement toutes les fonctionnalit\u00e9s du site Web. Vous pouvez autoriser, bloquer ou supprimer les cookies install\u00e9s sur votre ordinateur en configurant les options de votre navigateur :<\/p>\n<p>Ci-dessous, nous fournissons des liens vers diff\u00e9rents navigateurs, \u00e0 travers lesquels vous pouvez effectuer cette configuration\u00a0:<\/p>\n<p>\u2013 Firefox \u00e0 partir d&#039;ici : https:\/\/support.mozilla.org\/es\/kb\/habilitar-y-deshabilitar-cookies-que-los-sitios-we<\/p>\n<p>\u2013 Chrome \u00e0 partir d&#039;ici\u00a0: https:\/\/support.google.com\/chrome\/bin\/answer.py?hl=es&amp;answer=95647<\/p>\n<p>\u2013 Explorateur \u00e0 partir d&#039;ici\u00a0: https:\/\/windows.microsoft.com\/es-es\/internet-explorer\/delete-manage-cookies#ie=ie-10<\/p>\n<p>\u2013 Safari \u00e0 partir d&#039;ici : https:\/\/support.apple.com\/kb\/ph5042<\/p>\n<p>\u2013 Op\u00e9rez \u00e0 partir d&#039;ici\u00a0: https:\/\/help.opera.com\/Windows\/11.50\/es-ES\/cookies.html<\/p>\n<\/div>\n<\/div>\n<\/div>\n<!-- \/wp:paragraph -->\t\t\t\t\t\t\t\t<\/div>\n\t\t\t\t<\/div>\n\t\t\t\t\t<\/div>\n\t\t\t\t<\/div>\n\t\t\t\t<\/div>","protected":false},"excerpt":{"rendered":"<p>DEFINICI\u00d3N \u00a0 Cookie es un fichero que se descarga en su ordenador al acceder a determinadas p\u00e1ginas web. Las cookies permiten a una p\u00e1gina web, entre otras cosas, almacenar y recuperar informaci\u00f3n sobre los h\u00e1bitos de navegaci\u00f3n de un usuario o de su equipo y, dependiendo de la informaci\u00f3n que contengan y de la forma [&hellip;]<\/p>","protected":false},"author":1,"featured_media":0,"parent":0,"menu_order":0,"comment_status":"closed","ping_status":"closed","template":"elementor_header_footer","meta":{"site-sidebar-layout":"default","site-content-layout":"","ast-site-content-layout":"default","site-content-style":"default","site-sidebar-style":"default","ast-global-header-display":"","ast-banner-title-visibility":"","ast-main-header-display":"","ast-hfb-above-header-display":"","ast-hfb-below-header-display":"","ast-hfb-mobile-header-display":"","site-post-title":"","ast-breadcrumbs-content":"","ast-featured-img":"","footer-sml-layout":"","ast-disable-related-posts":"","theme-transparent-header-meta":"","adv-header-id-meta":"","stick-header-meta":"","header-above-stick-meta":"","header-main-stick-meta":"","header-below-stick-meta":"","astra-migrate-meta-layouts":"set","ast-page-background-enabled":"default","ast-page-background-meta":{"desktop":{"background-color":"var(--ast-global-color-5)","background-image":"","background-repeat":"repeat","background-position":"center center","background-size":"auto","background-attachment":"scroll","background-type":"","background-media":"","overlay-type":"","overlay-color":"","overlay-opacity":"","overlay-gradient":""},"tablet":{"background-color":"","background-image":"","background-repeat":"repeat","background-position":"center center","background-size":"auto","background-attachment":"scroll","background-type":"","background-media":"","overlay-type":"","overlay-color":"","overlay-opacity":"","overlay-gradient":""},"mobile":{"background-color":"","background-image":"","background-repeat":"repeat","background-position":"center center","background-size":"auto","background-attachment":"scroll","background-type":"","background-media":"","overlay-type":"","overlay-color":"","overlay-opacity":"","overlay-gradient":""}},"ast-content-background-meta":{"desktop":{"background-color":"var(--ast-global-color-4)","background-image":"","background-repeat":"repeat","background-position":"center center","background-size":"auto","background-attachment":"scroll","background-type":"","background-media":"","overlay-type":"","overlay-color":"","overlay-opacity":"","overlay-gradient":""},"tablet":{"background-color":"var(--ast-global-color-4)","background-image":"","background-repeat":"repeat","background-position":"center center","background-size":"auto","background-attachment":"scroll","background-type":"","background-media":"","overlay-type":"","overlay-color":"","overlay-opacity":"","overlay-gradient":""},"mobile":{"background-color":"var(--ast-global-color-4)","background-image":"","background-repeat":"repeat","background-position":"center center","background-size":"auto","background-attachment":"scroll","background-type":"","background-media":"","overlay-type":"","overlay-color":"","overlay-opacity":"","overlay-gradient":""}},"jetpack_post_was_ever_published":false,"footnotes":""},"class_list":["post-7230","page","type-page","status-publish","hentry"],"jetpack_sharing_enabled":true,"_links":{"self":[{"href":"https:\/\/sirpetershop.com\/fr\/wp-json\/wp\/v2\/pages\/7230","targetHints":{"allow":["GET"]}}],"collection":[{"href":"https:\/\/sirpetershop.com\/fr\/wp-json\/wp\/v2\/pages"}],"about":[{"href":"https:\/\/sirpetershop.com\/fr\/wp-json\/wp\/v2\/types\/page"}],"author":[{"embeddable":true,"href":"https:\/\/sirpetershop.com\/fr\/wp-json\/wp\/v2\/users\/1"}],"replies":[{"embeddable":true,"href":"https:\/\/sirpetershop.com\/fr\/wp-json\/wp\/v2\/comments?post=7230"}],"version-history":[{"count":4,"href":"https:\/\/sirpetershop.com\/fr\/wp-json\/wp\/v2\/pages\/7230\/revisions"}],"predecessor-version":[{"id":7234,"href":"https:\/\/sirpetershop.com\/fr\/wp-json\/wp\/v2\/pages\/7230\/revisions\/7234"}],"wp:attachment":[{"href":"https:\/\/sirpetershop.com\/fr\/wp-json\/wp\/v2\/media?parent=7230"}],"curies":[{"name":"wp","href":"https:\/\/api.w.org\/{rel}","templated":true}]}}