{"id":1134,"date":"2022-10-18T18:10:06","date_gmt":"2022-10-18T18:10:06","guid":{"rendered":"https:\/\/sirpetershop.com\/producto\/poster-v5\/"},"modified":"2026-02-14T18:57:52","modified_gmt":"2026-02-14T17:57:52","slug":"limpiador-natural-juguetes-150ml","status":"publish","type":"product","link":"https:\/\/sirpetershop.com\/fr\/produit\/limpiador-natural-juguetes-150ml\/","title":{"rendered":"Nettoyant pour jouets naturel 150 ml"},"content":{"rendered":"<p><strong>Caract\u00e9ristiques:<\/strong><\/p>\n<ul>\n<li>Antibact\u00e9rien et d\u00e9sinfectant<\/li>\n<li>Compatible avec les jouets \u00e9rotiques de tout mat\u00e9riau<\/li>\n<li>100% compatible avec le latex, le silicone et le caoutchouc<\/li>\n<li>produit v\u00e9g\u00e9talien<\/li>\n<li>Non test\u00e9 sur les animaux<\/li>\n<li>Format vaporisateur de 150 ml<\/li>\n<\/ul>","protected":false},"excerpt":{"rendered":"<p>&nbsp;<\/p>\n<div id=\"m_5672286980158969877gmail-idTab1\">\n<p>Le nettoyant Sir Peter Cock vous aide \u00e0 toujours le garder d\u00e9sinfect\u00e9 et garantit une durabilit\u00e9 maximale. Ainsi, vous \u00e9liminez les risques d&#039;infections gr\u00e2ce \u00e0 ses propri\u00e9t\u00e9s actibact\u00e9riennes et antiseptiques.<\/p>\n<p>&nbsp;<\/p>\n<ul>\n<li>Convient aux jouets \u00e9rotiques de tous types et fabriqu\u00e9s dans n&#039;importe quel mat\u00e9riau.<\/li>\n<li>Antibact\u00e9rien et d\u00e9sinfectant.<\/li>\n<li>Sans alcool et sans sulfate.<\/li>\n<li>Il doit \u00eatre conserv\u00e9 \u00e0 temp\u00e9rature ambiante et toujours dans son contenant d&#039;origine.<\/li>\n<li>V\u00e9g\u00e9talien<\/li>\n<\/ul>\n<p><strong>Recommandations d&#039;utilisation :<\/strong><\/p>\n<p>&nbsp;<\/p>\n<p>Vaporisez 2 ou 3 fois sur le jouet et \u00e9talez avec une lingette pour \u00e9liminer tout lubrifiant ou liquide restant. Et pr\u00eat!<\/p>\n<p>&nbsp;<\/p>\n<\/div>\n<p><span style=\"color: #ffff00;\">\u00a0Dans le cas de l&#039;achat de plusieurs articles avec une date d&#039;exp\u00e9dition diff\u00e9rente, la m\u00eame chose sera effectu\u00e9e ensemble lorsque tous les articles seront disponibles.<\/span><\/p>","protected":false},"featured_media":7711,"comment_status":"open","ping_status":"closed","template":"","meta":{"site-sidebar-layout":"default","site-content-layout":"default","ast-site-content-layout":"default","site-content-style":"default","site-sidebar-style":"default","ast-global-header-display":"","ast-banner-title-visibility":"","ast-main-header-display":"","ast-hfb-above-header-display":"","ast-hfb-below-header-display":"","ast-hfb-mobile-header-display":"","site-post-title":"","ast-breadcrumbs-content":"","ast-featured-img":"","footer-sml-layout":"","ast-disable-related-posts":"","theme-transparent-header-meta":"default","adv-header-id-meta":"","stick-header-meta":"default","header-above-stick-meta":"","header-main-stick-meta":"","header-below-stick-meta":"","astra-migrate-meta-layouts":"set","ast-page-background-enabled":"default","ast-page-background-meta":{"desktop":{"background-color":"var(--ast-global-color-5)","background-image":"","background-repeat":"repeat","background-position":"center center","background-size":"auto","background-attachment":"scroll","background-type":"","background-media":"","overlay-type":"","overlay-color":"","overlay-opacity":"","overlay-gradient":""},"tablet":{"background-color":"","background-image":"","background-repeat":"repeat","background-position":"center center","background-size":"auto","background-attachment":"scroll","background-type":"","background-media":"","overlay-type":"","overlay-color":"","overlay-opacity":"","overlay-gradient":""},"mobile":{"background-color":"","background-image":"","background-repeat":"repeat","background-position":"center center","background-size":"auto","background-attachment":"scroll","background-type":"","background-media":"","overlay-type":"","overlay-color":"","overlay-opacity":"","overlay-gradient":""}},"ast-content-background-meta":{"desktop":{"background-color":"var(--ast-global-color-4)","background-image":"","background-repeat":"repeat","background-position":"center center","background-size":"auto","background-attachment":"scroll","background-type":"","background-media":"","overlay-type":"","overlay-color":"","overlay-opacity":"","overlay-gradient":""},"tablet":{"background-color":"var(--ast-global-color-4)","background-image":"","background-repeat":"repeat","background-position":"center center","background-size":"auto","background-attachment":"scroll","background-type":"","background-media":"","overlay-type":"","overlay-color":"","overlay-opacity":"","overlay-gradient":""},"mobile":{"background-color":"var(--ast-global-color-4)","background-image":"","background-repeat":"repeat","background-position":"center center","background-size":"auto","background-attachment":"scroll","background-type":"","background-media":"","overlay-type":"","overlay-color":"","overlay-opacity":"","overlay-gradient":""}},"jetpack_post_was_ever_published":false},"product_brand":[],"product_cat":[40],"product_tag":[42,41,53],"class_list":{"0":"post-1134","1":"product","2":"type-product","3":"status-publish","4":"has-post-thumbnail","6":"product_cat-complementos","7":"product_tag-complementos","8":"product_tag-juguetes","9":"product_tag-limpiador","10":"product_shipping_class-envio-urgente","11":"desktop-align-center","12":"tablet-align-left","13":"mobile-align-left","15":"first","16":"instock","17":"taxable","18":"shipping-taxable","19":"purchasable","20":"product-type-simple"},"jetpack_sharing_enabled":true,"_links":{"self":[{"href":"https:\/\/sirpetershop.com\/fr\/wp-json\/wp\/v2\/product\/1134","targetHints":{"allow":["GET"]}}],"collection":[{"href":"https:\/\/sirpetershop.com\/fr\/wp-json\/wp\/v2\/product"}],"about":[{"href":"https:\/\/sirpetershop.com\/fr\/wp-json\/wp\/v2\/types\/product"}],"replies":[{"embeddable":true,"href":"https:\/\/sirpetershop.com\/fr\/wp-json\/wp\/v2\/comments?post=1134"}],"version-history":[{"count":13,"href":"https:\/\/sirpetershop.com\/fr\/wp-json\/wp\/v2\/product\/1134\/revisions"}],"predecessor-version":[{"id":7902,"href":"https:\/\/sirpetershop.com\/fr\/wp-json\/wp\/v2\/product\/1134\/revisions\/7902"}],"wp:featuredmedia":[{"embeddable":true,"href":"https:\/\/sirpetershop.com\/fr\/wp-json\/wp\/v2\/media\/7711"}],"wp:attachment":[{"href":"https:\/\/sirpetershop.com\/fr\/wp-json\/wp\/v2\/media?parent=1134"}],"wp:term":[{"taxonomy":"product_brand","embeddable":true,"href":"https:\/\/sirpetershop.com\/fr\/wp-json\/wp\/v2\/product_brand?post=1134"},{"taxonomy":"product_cat","embeddable":true,"href":"https:\/\/sirpetershop.com\/fr\/wp-json\/wp\/v2\/product_cat?post=1134"},{"taxonomy":"product_tag","embeddable":true,"href":"https:\/\/sirpetershop.com\/fr\/wp-json\/wp\/v2\/product_tag?post=1134"}],"curies":[{"name":"wp","href":"https:\/\/api.w.org\/{rel}","templated":true}]}}