{"id":1137,"date":"2022-10-18T18:11:20","date_gmt":"2022-10-18T18:11:20","guid":{"rendered":"https:\/\/sirpetershop.com\/producto\/poster-v2\/"},"modified":"2026-04-13T12:49:43","modified_gmt":"2026-04-13T10:49:43","slug":"sir-peter-cock","status":"publish","type":"product","link":"https:\/\/sirpetershop.com\/fr\/produit\/sir-peter-cock\/","title":{"rendered":"Monsieur Peter Cock"},"content":{"rendered":"<p>&nbsp;<\/p>\n<ul>\n<li><strong>Taille globale<\/strong>: 25 cm \/ 9&#039;8 pouces.<\/li>\n<li><strong>Taille ins\u00e9rable<\/strong>: 23 cm \/ 9 pouces.<\/li>\n<li><strong>Diam\u00e8tre maximum<\/strong>: 6,4 cm \/ 2,5 pouces.<\/li>\n<li><strong>Circonf\u00e9rence<\/strong>: 18 cm \/ 7 pouces.<\/li>\n<li><strong>Poids<\/strong>: 780 gr \/ 27,5 onces.<\/li>\n<li><strong>Mat\u00e9riaux<\/strong>: Caoutchouc silicone double densit\u00e9 HTV sans phtalates<\/li>\n<li><strong>Texture<\/strong>: Hyperr\u00e9aliste.<\/li>\n<li><strong>Imperm\u00e9able<\/strong>: Oui (IPX7).<\/li>\n<\/ul>","protected":false},"excerpt":{"rendered":"<p><strong>Produit original Sir Peter<\/strong><\/p>\n<p>&nbsp;<\/p>\n<p><span style=\"color: #ff0000;\">(GASTOS DE ENV\u00cdO GRATUITOS A TODA ESPA\u00d1A)<\/span><\/p>\n<p>&nbsp;<\/p>\n<p>Nous vous pr\u00e9sentons le gode le plus attendu, la r\u00e9plique EXACTE du membre de l&#039;acteur Sir Peter, pour lequel m\u00eame le moindre d\u00e9tail a \u00e9t\u00e9 soign\u00e9, obtenant un r\u00e9sultat r\u00e9aliste imbattable.<\/p>\n<p>&nbsp;<\/p>\n<p>Avec beaucoup de d\u00e9tails et fabriqu\u00e9 en silicone HTV double densit\u00e9 de la meilleure qualit\u00e9 qui lui donne une texture douce et un effet r\u00e9aliste maximum.<\/p>\n<p>&nbsp;<\/p>\n<p>Gode effet cuir souple de 25 cm avec des couleurs, un toucher et des tailles exactes au vrai membre de Sir Peter.<\/p>\n<p>The estimated shipping date is 1 week\u00a0 from your purchase.<\/p>","protected":false},"featured_media":6475,"comment_status":"open","ping_status":"closed","template":"","meta":{"site-sidebar-layout":"default","site-content-layout":"default","ast-site-content-layout":"normal-width-container","site-content-style":"default","site-sidebar-style":"default","ast-global-header-display":"","ast-banner-title-visibility":"","ast-main-header-display":"","ast-hfb-above-header-display":"","ast-hfb-below-header-display":"","ast-hfb-mobile-header-display":"","site-post-title":"","ast-breadcrumbs-content":"","ast-featured-img":"","footer-sml-layout":"","ast-disable-related-posts":"","theme-transparent-header-meta":"default","adv-header-id-meta":"","stick-header-meta":"default","header-above-stick-meta":"","header-main-stick-meta":"","header-below-stick-meta":"","astra-migrate-meta-layouts":"set","ast-page-background-enabled":"default","ast-page-background-meta":{"desktop":{"background-color":"var(--ast-global-color-5)","background-image":"","background-repeat":"repeat","background-position":"center center","background-size":"auto","background-attachment":"scroll","background-type":"","background-media":"","overlay-type":"","overlay-color":"","overlay-opacity":"","overlay-gradient":""},"tablet":{"background-color":"","background-image":"","background-repeat":"repeat","background-position":"center center","background-size":"auto","background-attachment":"scroll","background-type":"","background-media":"","overlay-type":"","overlay-color":"","overlay-opacity":"","overlay-gradient":""},"mobile":{"background-color":"","background-image":"","background-repeat":"repeat","background-position":"center center","background-size":"auto","background-attachment":"scroll","background-type":"","background-media":"","overlay-type":"","overlay-color":"","overlay-opacity":"","overlay-gradient":""}},"ast-content-background-meta":{"desktop":{"background-color":"var(--ast-global-color-4)","background-image":"","background-repeat":"repeat","background-position":"center center","background-size":"auto","background-attachment":"scroll","background-type":"","background-media":"","overlay-type":"","overlay-color":"","overlay-opacity":"","overlay-gradient":""},"tablet":{"background-color":"var(--ast-global-color-4)","background-image":"","background-repeat":"repeat","background-position":"center center","background-size":"auto","background-attachment":"scroll","background-type":"","background-media":"","overlay-type":"","overlay-color":"","overlay-opacity":"","overlay-gradient":""},"mobile":{"background-color":"var(--ast-global-color-4)","background-image":"","background-repeat":"repeat","background-position":"center center","background-size":"auto","background-attachment":"scroll","background-type":"","background-media":"","overlay-type":"","overlay-color":"","overlay-opacity":"","overlay-gradient":""}},"jetpack_post_was_ever_published":false},"product_brand":[],"product_cat":[36],"product_tag":[59,41,50],"class_list":{"0":"post-1137","1":"product","2":"type-product","3":"status-publish","4":"has-post-thumbnail","6":"product_cat-juguetes","7":"product_tag-edicion-clasica","8":"product_tag-juguetes","9":"product_tag-silicona","10":"product_shipping_class-envio-urgente","11":"desktop-align-center","12":"tablet-align-left","13":"mobile-align-left","15":"first","16":"instock","17":"taxable","18":"shipping-taxable","19":"purchasable","20":"product-type-simple"},"jetpack_sharing_enabled":true,"_links":{"self":[{"href":"https:\/\/sirpetershop.com\/fr\/wp-json\/wp\/v2\/product\/1137","targetHints":{"allow":["GET"]}}],"collection":[{"href":"https:\/\/sirpetershop.com\/fr\/wp-json\/wp\/v2\/product"}],"about":[{"href":"https:\/\/sirpetershop.com\/fr\/wp-json\/wp\/v2\/types\/product"}],"replies":[{"embeddable":true,"href":"https:\/\/sirpetershop.com\/fr\/wp-json\/wp\/v2\/comments?post=1137"}],"version-history":[{"count":15,"href":"https:\/\/sirpetershop.com\/fr\/wp-json\/wp\/v2\/product\/1137\/revisions"}],"predecessor-version":[{"id":6398,"href":"https:\/\/sirpetershop.com\/fr\/wp-json\/wp\/v2\/product\/1137\/revisions\/6398"}],"wp:featuredmedia":[{"embeddable":true,"href":"https:\/\/sirpetershop.com\/fr\/wp-json\/wp\/v2\/media\/6475"}],"wp:attachment":[{"href":"https:\/\/sirpetershop.com\/fr\/wp-json\/wp\/v2\/media?parent=1137"}],"wp:term":[{"taxonomy":"product_brand","embeddable":true,"href":"https:\/\/sirpetershop.com\/fr\/wp-json\/wp\/v2\/product_brand?post=1137"},{"taxonomy":"product_cat","embeddable":true,"href":"https:\/\/sirpetershop.com\/fr\/wp-json\/wp\/v2\/product_cat?post=1137"},{"taxonomy":"product_tag","embeddable":true,"href":"https:\/\/sirpetershop.com\/fr\/wp-json\/wp\/v2\/product_tag?post=1137"}],"curies":[{"name":"wp","href":"https:\/\/api.w.org\/{rel}","templated":true}]}}