{"id":8076,"date":"2024-10-03T00:01:22","date_gmt":"2024-10-02T22:01:22","guid":{"rendered":"https:\/\/sirpetershop.com\/?post_type=product&#038;p=8076"},"modified":"2025-02-25T19:14:54","modified_gmt":"2025-02-25T18:14:54","slug":"pack-sir-peter-experience","status":"publish","type":"product","link":"https:\/\/sirpetershop.com\/fr\/produit\/pack-sir-peter-experience\/","title":{"rendered":"Pack \u00abSIR PETER EXPERIENCE\u00bb"},"content":{"rendered":"","protected":false},"excerpt":{"rendered":"<p><span style=\"color: #ffff00;\">&#8212;\u00daNICAMENTE DISPONIBLE PARA ENV\u00cdOS A EUROPA Y ESTADOS UNIDOS&#8212;<\/span><\/p>\n<p>&nbsp;<\/p>\n<p>Atr\u00e9vete a disfrutar de \u00a0\u201cSir Peter \/Full\/ Experience\u201d!<\/p>\n<p>&nbsp;<\/p>\n<p>Ponte a tono leyendo el c\u00f3mic m\u00e1s caliente \u00abThe Adventures of Sir Peter\u00bb, utiliza el dildo real\u00edstico con nuestro gel lubricante exclusivo para que no tengas inconvenientes y finalmente utiliza nuestro l\u00edquido limpiador para el dildo una vez hayas terminado exhausto para que quede en perfectas condiciones para su pr\u00f3ximo disfrute!!<\/p>\n<p>&nbsp;<\/p>\n<p>Este pack contiene:<\/p>\n<ul>\n<li>C\u00f3mic The Adventures of Sir Peter Vol.1.<\/li>\n<li>Gel Lubric\u00e1nte Sir Peter.<\/li>\n<li>Limpiador de juguetes Sir Peter.<\/li>\n<li>Sir Peter Cock.<\/li>\n<\/ul>","protected":false},"featured_media":8086,"comment_status":"open","ping_status":"closed","template":"","meta":{"site-sidebar-layout":"default","site-content-layout":"","ast-site-content-layout":"default","site-content-style":"default","site-sidebar-style":"default","ast-global-header-display":"","ast-banner-title-visibility":"","ast-main-header-display":"","ast-hfb-above-header-display":"","ast-hfb-below-header-display":"","ast-hfb-mobile-header-display":"","site-post-title":"","ast-breadcrumbs-content":"","ast-featured-img":"","footer-sml-layout":"","ast-disable-related-posts":"","theme-transparent-header-meta":"default","adv-header-id-meta":"","stick-header-meta":"default","header-above-stick-meta":"","header-main-stick-meta":"","header-below-stick-meta":"","astra-migrate-meta-layouts":"set","ast-page-background-enabled":"default","ast-page-background-meta":{"desktop":{"background-color":"var(--ast-global-color-5)","background-image":"","background-repeat":"repeat","background-position":"center center","background-size":"auto","background-attachment":"scroll","background-type":"","background-media":"","overlay-type":"","overlay-color":"","overlay-opacity":"","overlay-gradient":""},"tablet":{"background-color":"","background-image":"","background-repeat":"repeat","background-position":"center center","background-size":"auto","background-attachment":"scroll","background-type":"","background-media":"","overlay-type":"","overlay-color":"","overlay-opacity":"","overlay-gradient":""},"mobile":{"background-color":"","background-image":"","background-repeat":"repeat","background-position":"center center","background-size":"auto","background-attachment":"scroll","background-type":"","background-media":"","overlay-type":"","overlay-color":"","overlay-opacity":"","overlay-gradient":""}},"ast-content-background-meta":{"desktop":{"background-color":"var(--ast-global-color-4)","background-image":"","background-repeat":"repeat","background-position":"center center","background-size":"auto","background-attachment":"scroll","background-type":"","background-media":"","overlay-type":"","overlay-color":"","overlay-opacity":"","overlay-gradient":""},"tablet":{"background-color":"var(--ast-global-color-4)","background-image":"","background-repeat":"repeat","background-position":"center center","background-size":"auto","background-attachment":"scroll","background-type":"","background-media":"","overlay-type":"","overlay-color":"","overlay-opacity":"","overlay-gradient":""},"mobile":{"background-color":"var(--ast-global-color-4)","background-image":"","background-repeat":"repeat","background-position":"center center","background-size":"auto","background-attachment":"scroll","background-type":"","background-media":"","overlay-type":"","overlay-color":"","overlay-opacity":"","overlay-gradient":""}},"jetpack_post_was_ever_published":false},"product_brand":[],"product_cat":[52,36,40],"product_tag":[],"class_list":{"0":"post-8076","1":"product","2":"type-product","3":"status-publish","4":"has-post-thumbnail","6":"product_cat-comic","7":"product_cat-juguetes","8":"product_cat-complementos","9":"product_shipping_class-envio-urgente","10":"desktop-align-center","11":"tablet-align-left","12":"mobile-align-left","14":"first","15":"instock","16":"taxable","17":"shipping-taxable","18":"purchasable","19":"product-type-simple"},"jetpack_sharing_enabled":true,"_links":{"self":[{"href":"https:\/\/sirpetershop.com\/fr\/wp-json\/wp\/v2\/product\/8076","targetHints":{"allow":["GET"]}}],"collection":[{"href":"https:\/\/sirpetershop.com\/fr\/wp-json\/wp\/v2\/product"}],"about":[{"href":"https:\/\/sirpetershop.com\/fr\/wp-json\/wp\/v2\/types\/product"}],"replies":[{"embeddable":true,"href":"https:\/\/sirpetershop.com\/fr\/wp-json\/wp\/v2\/comments?post=8076"}],"version-history":[{"count":12,"href":"https:\/\/sirpetershop.com\/fr\/wp-json\/wp\/v2\/product\/8076\/revisions"}],"predecessor-version":[{"id":8318,"href":"https:\/\/sirpetershop.com\/fr\/wp-json\/wp\/v2\/product\/8076\/revisions\/8318"}],"wp:featuredmedia":[{"embeddable":true,"href":"https:\/\/sirpetershop.com\/fr\/wp-json\/wp\/v2\/media\/8086"}],"wp:attachment":[{"href":"https:\/\/sirpetershop.com\/fr\/wp-json\/wp\/v2\/media?parent=8076"}],"wp:term":[{"taxonomy":"product_brand","embeddable":true,"href":"https:\/\/sirpetershop.com\/fr\/wp-json\/wp\/v2\/product_brand?post=8076"},{"taxonomy":"product_cat","embeddable":true,"href":"https:\/\/sirpetershop.com\/fr\/wp-json\/wp\/v2\/product_cat?post=8076"},{"taxonomy":"product_tag","embeddable":true,"href":"https:\/\/sirpetershop.com\/fr\/wp-json\/wp\/v2\/product_tag?post=8076"}],"curies":[{"name":"wp","href":"https:\/\/api.w.org\/{rel}","templated":true}]}}