{"id":30,"date":"2024-03-18T10:49:58","date_gmt":"2024-03-18T09:49:58","guid":{"rendered":"https:\/\/sirpetershop.com\/?page_id=30"},"modified":"2025-03-03T18:51:09","modified_gmt":"2025-03-03T17:51:09","slug":"reembolso_devoluciones","status":"publish","type":"page","link":"https:\/\/sirpetershop.com\/it\/reembolso_devoluciones\/","title":{"rendered":"Pol\u00edtica de env\u00edos, devoluciones y reembolsos"},"content":{"rendered":"<h3>DA CHI ACQUISTI<\/h3>\n<p><\/p>\n<p>Sirpeterstore.com \u00e8 gestito da:<\/p>\n<p><\/p>\n<p>S\u00ec, Sir Entertainment, SL con CIF B5651825<\/p>\n<p>C\/ De San Joaquin, 6 &#8211; 1\u00ba Ext<\/p>\n<p>28004Madrid.<\/p>\n<p>Tel. +34 613 944 042.<\/p>\n<p>E-mail: info@sirpertershop.com<\/p>\n<p><\/p>\n<p>Registrata nel registro delle imprese di Madrid il 2\/11\/2023 con i seguenti dati di registrazione: T 45934, F 72, S 8, HM 807218, I\/A 1.<\/p>\n<h3>&nbsp;<\/h3>\n<h3>Garanzia<\/h3>\n<p><\/p>\n<p>Sirpeterstore.com offre una garanzia di 3 anni su tutti i suoi prodotti.<\/p>\n<p><\/p>\n<ul><\/ul>\n<p><!-- \/wp:post-content --><!-- wp:paragraph --><\/p>\n<h3>ritorna<\/h3>\n<p><!-- \/wp:paragraph --><!-- wp:paragraph --><\/p>\n<p>Per effettuare un reso perch\u00e9 noti un difetto nel prodotto o perch\u00e9 semplicemente non lo desideri pi\u00f9, purch\u00e9 l&#039;articolo non sia stato aperto o sigillato, avrai 14 giorni di calendario per restituirlo senza alcun costo.<\/p>\n<p><!-- \/wp:paragraph --><!-- wp:paragraph --><\/p>\n<p>Puoi richiedere un cambio o un reso tramite il modulo di contatto indicando il tuo nome, numero d&#039;ordine e il motivo del reso.<\/p>\n<p><\/p>\n<p><!-- \/wp:paragraph --><!-- wp:paragraph --><\/p>\n<p><b>prodotti intimi<br><\/b><\/p>\n<p><!-- \/wp:paragraph --><!-- wp:paragraph --><\/p>\n<p>Per motivi igienici, la maggior parte dei nostri prodotti non possono essere restituiti una volta aperti, ad eccezione di quelli che non sono considerati \u201carticoli intimi\u201d. Questi prodotti riportano nella scheda prodotto l&#039;etichetta \u201carticoli intimi\u201d.<\/p>\n<p><!-- \/wp:paragraph --><!-- wp:paragraph --><\/p>\n<p><!-- \/wp:paragraph --><!-- wp:paragraph --><\/p>\n<p>.<\/p>\n<p><!-- \/wp:paragraph --><!-- wp:paragraph --><\/p>\n<h3>I cambiamenti<\/h3>\n<p><!-- \/wp:paragraph --><!-- wp:paragraph --><\/p>\n<p>Tutti i prodotti sono garantiti contro ogni difetto di fabbricazione. Se riscontri qualche problema, contattaci tramite il modulo di contatto indicando il numero dell&#039;ordine e il prodotto.<\/p>\n<p><\/p>\n<p><!-- \/wp:paragraph --><!-- wp:paragraph --><\/p>\n<p><\/p>\n<p><!-- \/wp:paragraph --><!-- wp:paragraph --><\/p>\n<h3>Costi di devoluzione<\/h3>\n<p><!-- \/wp:paragraph --><!-- wp:paragraph --><\/p>\n<p>Secondo le normative vigenti nell&#039;Unione Europea, i costi di cambio e restituzione sono coperti nei casi di utilizzo della garanzia. Se ti avvali del diritto di recesso e restituisci il prodotto senza alcuna causa imputabile a sirpetershop.com, le spese di restituzione ti verranno detratte dal pagamento, previa comunicazione dell&#039;importo.<\/p>\n<p><\/p>\n<p><!-- \/wp:paragraph --><!-- wp:paragraph --><\/p>\n<p><\/p>\n<h3>Tempi di consegna<\/h3>\n<p><!-- \/wp:paragraph --><!-- wp:paragraph --><\/p>\n<p>Gli ordini vengono spediti tramite trasporto espresso. Il tempo di preparazione dell&#039;ordine \u00e8 di un solo giorno. Tutti gli ordini ricevuti prima delle ore 12:00 verranno spediti lo stesso giorno e quelli ricevuti successivamente il giorno lavorativo successivo (dal luned\u00ec al venerd\u00ec). Puoi prendere come riferimento approssimativo i seguenti tempi di consegna:<\/p>\n<ul>\n<li>Spagna peninsulare: 24\/48 ore.<\/li>\n<li>Spagna insulare: 48\/72 ore.<\/li>\n<li>Resto dell&#039;UE: 4-5 giorni.<\/li>\n<li>Resto del mondo: 8-15 giorni.<\/li>\n<\/ul>\n<p>Questi tempi sono approssimativi e devono essere presi solo come riferimento.<\/p>\n<p><\/p>\n<p><!-- \/wp:paragraph --><!-- wp:paragraph --><\/p>\n<h3>Consegne internazionali<\/h3>\nTutti i prodotti spediti a livello internazionale vengono spediti con una dichiarazione doganale. Se il tuo Paese richiede il pagamento di dazi sulle spedizioni in entrata, \u00e8 tua responsabilit\u00e0 pagare eventuali dazi o tasse dovuti al momento del ricevimento. Sirpetershop.com non \u00e8 responsabile del pagamento di dazi o tasse di importazione e non rimborser\u00e0 automaticamente gli ordini restituiti per mancato pagamento di dazi o tasse.\n&nbsp;\n<h3>Ho bisogno di aiuto?<\/h3>\n<p><!-- \/wp:paragraph --><!-- wp:paragraph --><\/p>\n<p>Se hai domande, puoi contattarci tramite email info@sirpetershop.com o tramite il modulo di contatto. Ti aiuteremo il pi\u00f9 rapidamente possibile.<\/p>\n<p><!-- \/wp:paragraph --><\/p>\n&nbsp;\n&nbsp;\n<p dir=\"auto\">\n<\/p><p dir=\"auto\">\n<\/p>","protected":false},"excerpt":{"rendered":"<p>A QUIEN COMPRAS Sirpeterstore.com est\u00e1 gestionado por: Yes Sir Entertainment, S.L. con C.I.F. B5651825 C\/ De San Joaquin, 6 &#8211; 1\u00ba Ext 28004 Madrid. Tel. +34 613 944 042. Email: info@sirpertershop.com Inscrita en el registro mercantil de Madrid en fecha 2.11.2023 con los siguientes datos registrales: T 45934 , F 72, S 8, H M [&hellip;]<\/p>","protected":false},"author":1,"featured_media":0,"parent":0,"menu_order":0,"comment_status":"closed","ping_status":"closed","template":"","meta":{"site-sidebar-layout":"default","site-content-layout":"","ast-site-content-layout":"default","site-content-style":"default","site-sidebar-style":"default","ast-global-header-display":"","ast-banner-title-visibility":"","ast-main-header-display":"","ast-hfb-above-header-display":"","ast-hfb-below-header-display":"","ast-hfb-mobile-header-display":"","site-post-title":"","ast-breadcrumbs-content":"","ast-featured-img":"","footer-sml-layout":"","ast-disable-related-posts":"","theme-transparent-header-meta":"","adv-header-id-meta":"","stick-header-meta":"","header-above-stick-meta":"","header-main-stick-meta":"","header-below-stick-meta":"","astra-migrate-meta-layouts":"set","ast-page-background-enabled":"default","ast-page-background-meta":{"desktop":{"background-color":"var(--ast-global-color-5)","background-image":"","background-repeat":"repeat","background-position":"center center","background-size":"auto","background-attachment":"scroll","background-type":"","background-media":"","overlay-type":"","overlay-color":"","overlay-opacity":"","overlay-gradient":""},"tablet":{"background-color":"","background-image":"","background-repeat":"repeat","background-position":"center center","background-size":"auto","background-attachment":"scroll","background-type":"","background-media":"","overlay-type":"","overlay-color":"","overlay-opacity":"","overlay-gradient":""},"mobile":{"background-color":"","background-image":"","background-repeat":"repeat","background-position":"center center","background-size":"auto","background-attachment":"scroll","background-type":"","background-media":"","overlay-type":"","overlay-color":"","overlay-opacity":"","overlay-gradient":""}},"ast-content-background-meta":{"desktop":{"background-color":"var(--ast-global-color-4)","background-image":"","background-repeat":"repeat","background-position":"center center","background-size":"auto","background-attachment":"scroll","background-type":"","background-media":"","overlay-type":"","overlay-color":"","overlay-opacity":"","overlay-gradient":""},"tablet":{"background-color":"var(--ast-global-color-4)","background-image":"","background-repeat":"repeat","background-position":"center center","background-size":"auto","background-attachment":"scroll","background-type":"","background-media":"","overlay-type":"","overlay-color":"","overlay-opacity":"","overlay-gradient":""},"mobile":{"background-color":"var(--ast-global-color-4)","background-image":"","background-repeat":"repeat","background-position":"center center","background-size":"auto","background-attachment":"scroll","background-type":"","background-media":"","overlay-type":"","overlay-color":"","overlay-opacity":"","overlay-gradient":""}},"jetpack_post_was_ever_published":false,"footnotes":""},"class_list":["post-30","page","type-page","status-publish","hentry"],"jetpack_sharing_enabled":true,"_links":{"self":[{"href":"https:\/\/sirpetershop.com\/it\/wp-json\/wp\/v2\/pages\/30","targetHints":{"allow":["GET"]}}],"collection":[{"href":"https:\/\/sirpetershop.com\/it\/wp-json\/wp\/v2\/pages"}],"about":[{"href":"https:\/\/sirpetershop.com\/it\/wp-json\/wp\/v2\/types\/page"}],"author":[{"embeddable":true,"href":"https:\/\/sirpetershop.com\/it\/wp-json\/wp\/v2\/users\/1"}],"replies":[{"embeddable":true,"href":"https:\/\/sirpetershop.com\/it\/wp-json\/wp\/v2\/comments?post=30"}],"version-history":[{"count":25,"href":"https:\/\/sirpetershop.com\/it\/wp-json\/wp\/v2\/pages\/30\/revisions"}],"predecessor-version":[{"id":8553,"href":"https:\/\/sirpetershop.com\/it\/wp-json\/wp\/v2\/pages\/30\/revisions\/8553"}],"wp:attachment":[{"href":"https:\/\/sirpetershop.com\/it\/wp-json\/wp\/v2\/media?parent=30"}],"curies":[{"name":"wp","href":"https:\/\/api.w.org\/{rel}","templated":true}]}}