{"id":7230,"date":"2024-03-31T19:55:49","date_gmt":"2024-03-31T17:55:49","guid":{"rendered":"https:\/\/sirpetershop.com\/?page_id=7230"},"modified":"2024-03-31T19:58:48","modified_gmt":"2024-03-31T17:58:48","slug":"cookies","status":"publish","type":"page","link":"https:\/\/sirpetershop.com\/it\/cookies\/","title":{"rendered":"Uso de Cookies"},"content":{"rendered":"<div data-elementor-type=\"wp-page\" data-elementor-id=\"7230\" class=\"elementor elementor-7230\" data-elementor-post-type=\"page\">\n\t\t\t\t<div data-particle_enable=\"false\" data-particle-mobile-disabled=\"false\" class=\"elementor-element elementor-element-6d00a2ba e-flex e-con-boxed e-con e-parent\" data-id=\"6d00a2ba\" data-element_type=\"container\" data-e-type=\"container\">\n\t\t\t\t\t<div class=\"e-con-inner\">\n\t\t\t\t<div class=\"elementor-element elementor-element-1c3839e5 elementor-widget elementor-widget-text-editor\" data-id=\"1c3839e5\" data-element_type=\"widget\" data-e-type=\"widget\" data-widget_type=\"text-editor.default\">\n\t\t\t\t<div class=\"elementor-widget-container\">\n\t\t\t\t\t\t\t\t\t<div id=\"row-1642591413\" class=\"row\">\n<div id=\"col-264826345\" class=\"col medium-12 large-12\">\n<div class=\"col-inner\">\n<h4>DEFINIZIONE<\/h4>\n<p>\u00a0<\/p>\nIl cookie \u00e8 un file che viene scaricato sul tuo computer quando accedi a determinate pagine web. I cookie consentono a un sito web, tra le altre cose, di archiviare e recuperare informazioni sulle abitudini di navigazione di un utente o del suo dispositivo e, a seconda delle informazioni che contengono e del modo in cui utilizzi il tuo dispositivo, possono essere utilizzati per riconoscere l&#039;utente. Il browser dell&#039;utente memorizza i cookie sul disco rigido solo durante la sessione corrente, occupando uno spazio di memoria minimo e non danneggiando il computer. I cookie non contengono informazioni personali specifiche e la maggior parte di essi viene cancellata dal disco rigido al termine della sessione del browser (i cosiddetti cookie di sessione). La maggior parte dei browser accetta i cookie come standard e, indipendentemente da essi, consente o impedisce i cookie temporanei o memorizzati nelle impostazioni di sicurezza.\n<p>\u00a0<\/p>\n<\/div>\n<\/div>\n<\/div>\n<div id=\"row-1642591413\" class=\"row\">\n<div id=\"col-264826345\" class=\"col medium-12 large-12\">\n<div class=\"col-inner\">\n<h4>TIPOLOGIE DI COOKIE UTILIZZATI IN QUESTO SITO:<\/h4>\n<p>\u00a0<\/p>\n<p>\u2013 Cookie tecnici: sono quelli che consentono all\u2019utente di navigare attraverso una pagina web, piattaforma o applicazione e utilizzare le diverse opzioni o servizi in essa esistenti, come, ad esempio, il controllo del traffico e della comunicazione dei dati, l\u2019identificazione della sessione, l\u2019accesso limitato accedere a parti, ricordare gli elementi che compongono un ordine, eseguire il processo di acquisto di un ordine, effettuare la richiesta di registrazione o partecipazione ad un evento, utilizzare elementi di sicurezza durante la navigazione, memorizzare contenuti per la diffusione di video o suoni o condividere contenuti attraverso i social network.<br \/>\u2013 Cookie di personalizzazione: sono quelli che consentono all&#039;utente di accedere al servizio con alcune caratteristiche generali predefinite in base a una serie di criteri sul terminale dell&#039;utente, come la lingua, il tipo di browser attraverso il quale l&#039;utente accede al servizio, la localit\u00e0 da cui accedi al servizio, ecc.<br \/>\u2013 Cookie di analisi: sono quelli che, ben trattati da noi o da terzi, ci consentono di quantificare il numero di utenti e quindi effettuare la misurazione e l\u2019analisi statistica dell\u2019uso fatto dagli utenti del servizio offerto. Per fare ci\u00f2, la tua navigazione sul nostro sito Web viene analizzata al fine di migliorare l&#039;offerta di prodotti o servizi che offriamo.<br \/>\u2013 Cookie pubblicitari: sono quelli che, trattati da noi o da terzi, ci consentono di gestire nel modo pi\u00f9 efficiente possibile l\u2019offerta di spazi pubblicitari sul sito web, adattando il contenuto dell\u2019annuncio al contenuto del servizio richiesto o l&#039;uso che fai del nostro sito web. Per fare ci\u00f2, possiamo analizzare le tue abitudini di navigazione in Internet e possiamo mostrarti pubblicit\u00e0 relativa al tuo profilo di navigazione.<br \/>\u2013 Cookie di pubblicit\u00e0 comportamentale: sono quelli che consentono la gestione, nel modo pi\u00f9 efficiente possibile, degli spazi pubblicitari che, se del caso, l&#039;editore ha inserito in una pagina web, applicazione o piattaforma da cui viene fornito il servizio richiesto. Questi cookie memorizzano informazioni sul comportamento degli utenti ottenute attraverso l&#039;osservazione continua delle loro abitudini di navigazione, che consente lo sviluppo di un profilo specifico per visualizzare pubblicit\u00e0 basata su di esso.<br \/>\u2013 Cookie di terze parti: questo sito Web pu\u00f2 utilizzare servizi di terze parti che raccoglieranno informazioni a fini statistici sull\u2019utilizzo del sito da parte dell\u2019utente e per la fornitura di altri servizi relativi all\u2019attivit\u00e0 del sito Web e altri servizi Internet. In particolare, questo sito web utilizza Google Analytics, un servizio di analisi web fornito da Google, Inc. con sede negli Stati Uniti e sede a 1600 Amphitheatre Parkway, Mountain View, California 94043. Per fornire questi servizi, utilizzano cookie che raccolgono informazioni, tra cui l&#039;indirizzo IP dell&#039;utente, che sar\u00e0 trasmesso, elaborato e archiviato da Google secondo i termini stabiliti sul sito Google.com. Compresa l&#039;eventuale trasmissione di tali informazioni a terzi per motivi di obbligo legale o quando tali terzi trattano le informazioni per conto di Google.<\/p>\n<p>\u00a0<\/p>\n<h4>ACCETTAZIONE<\/h4>\n<p>\u00a0<\/p>\n<p>L&#039;Utente accetta espressamente, utilizzando questo Sito, il trattamento delle informazioni raccolte nei modi e per le finalit\u00e0 sopra indicate. E riconosci anche di conoscere la possibilit\u00e0 di opporti al trattamento di tali dati o informazioni rifiutando l&#039;uso dei cookie selezionando l&#039;impostazione appropriata a tale scopo nel tuo browser.<\/p>\n<p>\u00a0<\/p>\n<h4>COLLOCAMENTO<\/h4>\n<p>\u00a0<\/p>\n<p>Tuttavia l&#039;opzione di bloccare i Cookie nel tuo browser potrebbe non consentirti di utilizzare appieno tutte le funzionalit\u00e0 del Sito. Puoi consentire, bloccare o eliminare i cookie installati sul tuo computer configurando le opzioni del browser:<\/p>\n<p>Di seguito forniamo i collegamenti ai vari browser, attraverso i quali \u00e8 possibile effettuare questa configurazione:<\/p>\n<p>\u2013 Firefox da qui: https:\/\/support.mozilla.org\/es\/kb\/habilitar-y-deshabilitar-cookies-que-los-sitios-we<\/p>\n<p>\u2013 Chrome da qui: https:\/\/support.google.com\/chrome\/bin\/answer.py?hl=es&amp;answer=95647<\/p>\n<p>\u2013 Explorer da qui: https:\/\/windows.microsoft.com\/es-es\/internet-explorer\/delete-manage-cookies#ie=ie-10<\/p>\n<p>\u2013 Safari da qui: https:\/\/support.apple.com\/kb\/ph5042<\/p>\n<p>\u2013 Operare da qui: https:\/\/help.opera.com\/Windows\/11.50\/es-ES\/cookies.html<\/p>\n<\/div>\n<\/div>\n<\/div>\n<!-- \/wp:paragraph -->\t\t\t\t\t\t\t\t<\/div>\n\t\t\t\t<\/div>\n\t\t\t\t\t<\/div>\n\t\t\t\t<\/div>\n\t\t\t\t<\/div>","protected":false},"excerpt":{"rendered":"<p>DEFINICI\u00d3N \u00a0 Cookie es un fichero que se descarga en su ordenador al acceder a determinadas p\u00e1ginas web. Las cookies permiten a una p\u00e1gina web, entre otras cosas, almacenar y recuperar informaci\u00f3n sobre los h\u00e1bitos de navegaci\u00f3n de un usuario o de su equipo y, dependiendo de la informaci\u00f3n que contengan y de la forma [&hellip;]<\/p>","protected":false},"author":1,"featured_media":0,"parent":0,"menu_order":0,"comment_status":"closed","ping_status":"closed","template":"elementor_header_footer","meta":{"site-sidebar-layout":"default","site-content-layout":"","ast-site-content-layout":"default","site-content-style":"default","site-sidebar-style":"default","ast-global-header-display":"","ast-banner-title-visibility":"","ast-main-header-display":"","ast-hfb-above-header-display":"","ast-hfb-below-header-display":"","ast-hfb-mobile-header-display":"","site-post-title":"","ast-breadcrumbs-content":"","ast-featured-img":"","footer-sml-layout":"","ast-disable-related-posts":"","theme-transparent-header-meta":"","adv-header-id-meta":"","stick-header-meta":"","header-above-stick-meta":"","header-main-stick-meta":"","header-below-stick-meta":"","astra-migrate-meta-layouts":"set","ast-page-background-enabled":"default","ast-page-background-meta":{"desktop":{"background-color":"var(--ast-global-color-5)","background-image":"","background-repeat":"repeat","background-position":"center center","background-size":"auto","background-attachment":"scroll","background-type":"","background-media":"","overlay-type":"","overlay-color":"","overlay-opacity":"","overlay-gradient":""},"tablet":{"background-color":"","background-image":"","background-repeat":"repeat","background-position":"center center","background-size":"auto","background-attachment":"scroll","background-type":"","background-media":"","overlay-type":"","overlay-color":"","overlay-opacity":"","overlay-gradient":""},"mobile":{"background-color":"","background-image":"","background-repeat":"repeat","background-position":"center center","background-size":"auto","background-attachment":"scroll","background-type":"","background-media":"","overlay-type":"","overlay-color":"","overlay-opacity":"","overlay-gradient":""}},"ast-content-background-meta":{"desktop":{"background-color":"var(--ast-global-color-4)","background-image":"","background-repeat":"repeat","background-position":"center center","background-size":"auto","background-attachment":"scroll","background-type":"","background-media":"","overlay-type":"","overlay-color":"","overlay-opacity":"","overlay-gradient":""},"tablet":{"background-color":"var(--ast-global-color-4)","background-image":"","background-repeat":"repeat","background-position":"center center","background-size":"auto","background-attachment":"scroll","background-type":"","background-media":"","overlay-type":"","overlay-color":"","overlay-opacity":"","overlay-gradient":""},"mobile":{"background-color":"var(--ast-global-color-4)","background-image":"","background-repeat":"repeat","background-position":"center center","background-size":"auto","background-attachment":"scroll","background-type":"","background-media":"","overlay-type":"","overlay-color":"","overlay-opacity":"","overlay-gradient":""}},"jetpack_post_was_ever_published":false,"footnotes":""},"class_list":["post-7230","page","type-page","status-publish","hentry"],"jetpack_sharing_enabled":true,"_links":{"self":[{"href":"https:\/\/sirpetershop.com\/it\/wp-json\/wp\/v2\/pages\/7230","targetHints":{"allow":["GET"]}}],"collection":[{"href":"https:\/\/sirpetershop.com\/it\/wp-json\/wp\/v2\/pages"}],"about":[{"href":"https:\/\/sirpetershop.com\/it\/wp-json\/wp\/v2\/types\/page"}],"author":[{"embeddable":true,"href":"https:\/\/sirpetershop.com\/it\/wp-json\/wp\/v2\/users\/1"}],"replies":[{"embeddable":true,"href":"https:\/\/sirpetershop.com\/it\/wp-json\/wp\/v2\/comments?post=7230"}],"version-history":[{"count":4,"href":"https:\/\/sirpetershop.com\/it\/wp-json\/wp\/v2\/pages\/7230\/revisions"}],"predecessor-version":[{"id":7234,"href":"https:\/\/sirpetershop.com\/it\/wp-json\/wp\/v2\/pages\/7230\/revisions\/7234"}],"wp:attachment":[{"href":"https:\/\/sirpetershop.com\/it\/wp-json\/wp\/v2\/media?parent=7230"}],"curies":[{"name":"wp","href":"https:\/\/api.w.org\/{rel}","templated":true}]}}