{"id":1138,"date":"2022-10-18T18:11:27","date_gmt":"2022-10-18T18:11:27","guid":{"rendered":"https:\/\/sirpetershop.com\/producto\/poster-v1\/"},"modified":"2026-03-05T20:27:31","modified_gmt":"2026-03-05T19:27:31","slug":"sir-peter-cock-edicion-especial","status":"publish","type":"product","link":"https:\/\/sirpetershop.com\/it\/prodotto\/sir-peter-cock-edicion-especial\/","title":{"rendered":"Sir Peter Cock (Limited Special Edition Box )  ***SOLD***"},"content":{"rendered":"<p>&nbsp;<\/p>\n<ul>\n<li><strong>Dimensione complessiva<\/strong>: 25 cm \/ 9&#039;8 pollici.<\/li>\n<li><strong>Dimensione inseribile<\/strong>: 23 cm\/9 pollici.<\/li>\n<li><strong>Diametro massimo<\/strong>: 6,4 cm\/2,5 pollici.<\/li>\n<li><strong>Circonferenza<\/strong>: 18 cm\/7 pollici.<\/li>\n<li><strong>Peso<\/strong>: 780 gr \/ 27,5 once.<\/li>\n<li><strong>Materiali<\/strong>: Gomma siliconica HTV a doppia densit\u00e0 esente da ftalati<\/li>\n<li><strong>Struttura<\/strong>: Iperrealistico.<\/li>\n<li><strong>Impermeabile<\/strong>: S\u00ec (IPX7).<\/li>\n<\/ul>","protected":false},"excerpt":{"rendered":"<p>&nbsp;<\/p>\n<p><strong>Prodotto originale Sir Peter<\/strong><\/p>\n<p>&nbsp;<\/p>\n<p><span style=\"color: #ff0000;\">(GASTOS DE ENV\u00cdO GRATUITOS A TODA ESPA\u00d1A)<\/span><\/p>\n<p>&nbsp;<\/p>\n<p>Vi presentiamo il dildo pi\u00f9 atteso, la replica ESATTA del membro dell&#039;attore Sir Peter, di cui \u00e8 stato curato anche il pi\u00f9 piccolo dettaglio, ottenendo un risultato realistico imbattibile.<\/p>\n<p>&nbsp;<\/p>\n<p>Con grande dettaglio e realizzato con il silicone HTV a doppia densit\u00e0 della migliore qualit\u00e0 che gli conferisce una consistenza morbida e il massimo effetto realistico.<\/p>\n<p>&nbsp;<\/p>\n<p>Fallo effetto pelle morbida da 25 cm con colori, sensazione e dimensioni esatte al vero membro di Sir Peter.<\/p>\n<p>&nbsp;<\/p>\n<p>Este art\u00edculo se presenta en su Caja de Edici\u00f3n Especial limitada a 500 unidades.<\/p>\n<p>&nbsp;<\/p>\n<p>The estimated shipping date is 1 week\u00a0 from your purchase.<\/p>\n<p>&nbsp;<\/p>\n<p><span style=\"color: #fbff7d;\">Informazioni:<\/span> In caso di acquisto di pi\u00f9 articoli con data di spedizione diversa, gli stessi verranno effettuati congiuntamente quando tutti gli articoli saranno disponibili.<\/p>\n<p>&nbsp;<\/p>\n<p>&nbsp;<\/p>","protected":false},"featured_media":6344,"comment_status":"open","ping_status":"closed","template":"","meta":{"site-sidebar-layout":"default","site-content-layout":"default","ast-site-content-layout":"default","site-content-style":"default","site-sidebar-style":"default","ast-global-header-display":"","ast-banner-title-visibility":"","ast-main-header-display":"","ast-hfb-above-header-display":"","ast-hfb-below-header-display":"","ast-hfb-mobile-header-display":"","site-post-title":"","ast-breadcrumbs-content":"","ast-featured-img":"","footer-sml-layout":"","ast-disable-related-posts":"","theme-transparent-header-meta":"default","adv-header-id-meta":"","stick-header-meta":"default","header-above-stick-meta":"","header-main-stick-meta":"","header-below-stick-meta":"","astra-migrate-meta-layouts":"set","ast-page-background-enabled":"default","ast-page-background-meta":{"desktop":{"background-color":"var(--ast-global-color-5)","background-image":"","background-repeat":"repeat","background-position":"center center","background-size":"auto","background-attachment":"scroll","background-type":"","background-media":"","overlay-type":"","overlay-color":"","overlay-opacity":"","overlay-gradient":""},"tablet":{"background-color":"","background-image":"","background-repeat":"repeat","background-position":"center center","background-size":"auto","background-attachment":"scroll","background-type":"","background-media":"","overlay-type":"","overlay-color":"","overlay-opacity":"","overlay-gradient":""},"mobile":{"background-color":"","background-image":"","background-repeat":"repeat","background-position":"center center","background-size":"auto","background-attachment":"scroll","background-type":"","background-media":"","overlay-type":"","overlay-color":"","overlay-opacity":"","overlay-gradient":""}},"ast-content-background-meta":{"desktop":{"background-color":"var(--ast-global-color-4)","background-image":"","background-repeat":"repeat","background-position":"center center","background-size":"auto","background-attachment":"scroll","background-type":"","background-media":"","overlay-type":"","overlay-color":"","overlay-opacity":"","overlay-gradient":""},"tablet":{"background-color":"var(--ast-global-color-4)","background-image":"","background-repeat":"repeat","background-position":"center center","background-size":"auto","background-attachment":"scroll","background-type":"","background-media":"","overlay-type":"","overlay-color":"","overlay-opacity":"","overlay-gradient":""},"mobile":{"background-color":"var(--ast-global-color-4)","background-image":"","background-repeat":"repeat","background-position":"center center","background-size":"auto","background-attachment":"scroll","background-type":"","background-media":"","overlay-type":"","overlay-color":"","overlay-opacity":"","overlay-gradient":""}},"jetpack_post_was_ever_published":false},"product_brand":[],"product_cat":[36],"product_tag":[58,41,50],"class_list":{"0":"post-1138","1":"product","2":"type-product","3":"status-publish","4":"has-post-thumbnail","6":"product_cat-juguetes","7":"product_tag-edicion-especial","8":"product_tag-juguetes","9":"product_tag-silicona","10":"product_shipping_class-envio-urgente","11":"desktop-align-center","12":"tablet-align-left","13":"mobile-align-left","15":"first","16":"outofstock","17":"taxable","18":"shipping-taxable","19":"purchasable","20":"product-type-simple"},"jetpack_sharing_enabled":true,"_links":{"self":[{"href":"https:\/\/sirpetershop.com\/it\/wp-json\/wp\/v2\/product\/1138","targetHints":{"allow":["GET"]}}],"collection":[{"href":"https:\/\/sirpetershop.com\/it\/wp-json\/wp\/v2\/product"}],"about":[{"href":"https:\/\/sirpetershop.com\/it\/wp-json\/wp\/v2\/types\/product"}],"replies":[{"embeddable":true,"href":"https:\/\/sirpetershop.com\/it\/wp-json\/wp\/v2\/comments?post=1138"}],"version-history":[{"count":66,"href":"https:\/\/sirpetershop.com\/it\/wp-json\/wp\/v2\/product\/1138\/revisions"}],"predecessor-version":[{"id":6392,"href":"https:\/\/sirpetershop.com\/it\/wp-json\/wp\/v2\/product\/1138\/revisions\/6392"}],"wp:featuredmedia":[{"embeddable":true,"href":"https:\/\/sirpetershop.com\/it\/wp-json\/wp\/v2\/media\/6344"}],"wp:attachment":[{"href":"https:\/\/sirpetershop.com\/it\/wp-json\/wp\/v2\/media?parent=1138"}],"wp:term":[{"taxonomy":"product_brand","embeddable":true,"href":"https:\/\/sirpetershop.com\/it\/wp-json\/wp\/v2\/product_brand?post=1138"},{"taxonomy":"product_cat","embeddable":true,"href":"https:\/\/sirpetershop.com\/it\/wp-json\/wp\/v2\/product_cat?post=1138"},{"taxonomy":"product_tag","embeddable":true,"href":"https:\/\/sirpetershop.com\/it\/wp-json\/wp\/v2\/product_tag?post=1138"}],"curies":[{"name":"wp","href":"https:\/\/api.w.org\/{rel}","templated":true}]}}