{"id":3,"date":"2024-01-25T14:16:02","date_gmt":"2024-01-25T13:16:02","guid":{"rendered":"http:\/\/sirpetershop.com\/?page_id=3"},"modified":"2024-03-18T16:42:36","modified_gmt":"2024-03-18T15:42:36","slug":"politica-privacidad","status":"publish","type":"page","link":"https:\/\/sirpetershop.com\/pt\/politica-privacidad\/","title":{"rendered":"Pol\u00edtica de privacidad"},"content":{"rendered":"<div data-elementor-type=\"wp-page\" data-elementor-id=\"3\" class=\"elementor elementor-3\" data-elementor-post-type=\"page\">\n\t\t\t\t<div data-particle_enable=\"false\" data-particle-mobile-disabled=\"false\" class=\"elementor-element elementor-element-618c9efd e-flex e-con-boxed e-con e-parent\" data-id=\"618c9efd\" data-element_type=\"container\" data-e-type=\"container\">\n\t\t\t\t\t<div class=\"e-con-inner\">\n\t\t\t\t<div class=\"elementor-element elementor-element-645a471a elementor-widget elementor-widget-text-editor\" data-id=\"645a471a\" data-element_type=\"widget\" data-e-type=\"widget\" data-widget_type=\"text-editor.default\">\n\t\t\t\t<div class=\"elementor-widget-container\">\n\t\t\t\t\t\t\t\t\t<h4>Atualizado em 18\/03\/2024<\/h4>\n<p>A Sir Peter Shop est\u00e1 comprometida em proteger sua privacidade. Esta Pol\u00edtica de Privacidade explica como a Sir Peter Shop coleta, usa e divulga suas informa\u00e7\u00f5es pessoais. Esta Pol\u00edtica de Privacidade se aplica ao nosso site, sirpetershop.com, e seus subdom\u00ednios associados (coletivamente, nosso \u201cServi\u00e7o\u201d). Ao acessar ou utilizar nosso Servi\u00e7o, voc\u00ea indica que leu, compreendeu e concorda com nossa coleta, armazenamento, uso e divulga\u00e7\u00e3o de suas informa\u00e7\u00f5es pessoais, conforme descrito nesta Pol\u00edtica de Privacidade e em nossos Termos de Servi\u00e7o.<\/p>\n<p>\u00a0<\/p>\n<h3>Defini\u00e7\u00f5es e termos-chave<\/h3>\n<p>Para ajudar a explicar as coisas da forma mais clara poss\u00edvel nesta Pol\u00edtica de Privacidade, sempre que qualquer um destes termos for referido, eles ser\u00e3o estritamente definidos como:<\/p>\n<ul>\n<li><strong>Biscoito:<\/strong> pequena quantidade de dados gerados por um site e salvos pelo seu navegador. Ele \u00e9 usado para identificar seu navegador, fornecer an\u00e1lises e lembrar informa\u00e7\u00f5es sobre voc\u00ea, como sua prefer\u00eancia de idioma ou informa\u00e7\u00f5es de login.<\/li>\n<li><strong>Empresa:<\/strong> Quando esta pol\u00edtica menciona \u201cEmpresa\u201d, \u201cn\u00f3s\u201d, \u201cnos\u201d ou \u201cnosso\u201d, refere-se a <strong>Sim, senhor entretenimento, SL<\/strong>, C\/Fernando VI, 17 \u2013 1\u00baIzq \u2013 28004 Madrid, que \u00e9 respons\u00e1vel pela sua informa\u00e7\u00e3o ao abrigo desta Pol\u00edtica de Privacidade.<\/li>\n<li><strong>Plataforma:<\/strong> Site da Internet da Sir Peter Shop, aplicativo da web ou aplicativo digital voltado ao p\u00fablico<\/li>\n<li><strong>Pa\u00eds:<\/strong> onde a Sir Peter Shop est\u00e1 localizada ou os propriet\u00e1rios\/fundadores da Sir Peter Shop, neste caso, s\u00e3o <strong>Espanha<\/strong>.<\/li>\n<li><strong>Cliente:<\/strong> significa a empresa, organiza\u00e7\u00e3o ou pessoa que se registra para usar o Servi\u00e7o Sir Peter Shop para gerenciar relacionamentos com seus consumidores ou usu\u00e1rios do servi\u00e7o.<\/li>\n<li><strong>Dispositivo:<\/strong> qualquer dispositivo conectado \u00e0 Internet, como telefone, tablet, computador ou qualquer outro dispositivo que possa ser usado para visitar a Sir Peter Shop e utilizar os servi\u00e7os.<\/li>\n<li><strong>Dire\u00e7\u00e3o IP:<\/strong> Cada dispositivo conectado \u00e0 Internet recebe um n\u00famero conhecido como endere\u00e7o de protocolo da Internet (IP). Esses n\u00fameros geralmente s\u00e3o atribu\u00eddos em blocos geogr\u00e1ficos. Muitas vezes, um endere\u00e7o IP pode ser usado para identificar o local a partir do qual um dispositivo se conecta \u00e0 Internet.<\/li>\n<li><strong>Funcion\u00e1rios:<\/strong> significa aquelas pessoas que s\u00e3o contratadas pela Sir Peter Shop ou est\u00e3o sob contrato para realizar um servi\u00e7o em nome de uma parte.<\/li>\n<li><strong>Dados pessoais:<\/strong> qualquer informa\u00e7\u00e3o que direta, indiretamente ou em conex\u00e3o com outras informa\u00e7\u00f5es, incluindo um n\u00famero de identifica\u00e7\u00e3o pessoal, permita a identifica\u00e7\u00e3o de uma pessoa f\u00edsica.<\/li>\n<li><strong>Servi\u00e7o:<\/strong> significa o servi\u00e7o prestado pela Sir Peter Shop conforme descrito nos termos relativos (se dispon\u00edveis) e nesta plataforma.<\/li>\n<li><strong>Terceiros:<\/strong> refere-se a anunciantes, patrocinadores de concursos, parceiros promocionais e de marketing e outros que fornecem nosso conte\u00fado ou cujos produtos ou servi\u00e7os acreditamos que possam lhe interessar.<\/li>\n<li><strong>Site web:<\/strong> o site da Sir Peter Shop, que pode ser acessado atrav\u00e9s deste URL: <a>sirpetershop. com.<\/a><\/li>\n<li><strong>Voc\u00ea:<\/strong> uma pessoa ou entidade registrada na Sir Peter Shop para usar os Servi\u00e7os.<\/li>\n<\/ul>\n<h4>Quais s\u00e3o as informa\u00e7\u00f5es que coletamos?<\/h4>\n<p>Coletamos informa\u00e7\u00f5es suas quando voc\u00ea visita nossa plataforma, se registra em nosso site, faz um pedido, assina nossa newsletter, responde a uma pesquisa ou preenche um formul\u00e1rio.<\/p>\n<ul>\n<li>Nome\/nome de usu\u00e1rio<\/li>\n<li>N\u00fameros de telefone<\/li>\n<li>E-mails<\/li>\n<li>Endere\u00e7o de e-mail<\/li>\n<li>Endere\u00e7os de cobran\u00e7a<\/li>\n<li>Senha<\/li>\n<\/ul>\n<p>Tamb\u00e9m coletamos informa\u00e7\u00f5es de dispositivos m\u00f3veis para uma melhor experi\u00eancia do usu\u00e1rio, embora esses recursos sejam totalmente opcionais:<\/p>\n<ul>\n<li>Localiza\u00e7\u00e3o (GPS): <strong>Dados de localiza\u00e7\u00e3o<\/strong> Eles ajudam a criar uma representa\u00e7\u00e3o precisa de seus interesses e isso pode ser usado para trazer an\u00fancios mais espec\u00edficos e relevantes para clientes em potencial.<\/li>\n<\/ul>\n<h4>Como usamos as informa\u00e7\u00f5es que coletamos?<\/h4>\n<p>Qualquer uma das informa\u00e7\u00f5es que coletamos de voc\u00ea pode ser usada de uma das seguintes maneiras:<\/p>\n<ul>\n<li>Para personalizar sua experi\u00eancia (suas informa\u00e7\u00f5es nos ajudam a responder melhor \u00e0s suas necessidades individuais)<\/li>\n<li>Para melhorar nossa plataforma (nos esfor\u00e7amos continuamente para melhorar o que nossa plataforma oferece com base nas informa\u00e7\u00f5es e coment\u00e1rios que recebemos de voc\u00ea)<\/li>\n<li>Para melhorar o atendimento ao cliente (suas informa\u00e7\u00f5es nos ajudam a responder de forma mais eficaz \u00e0s suas solicita\u00e7\u00f5es de atendimento ao cliente e necessidades de suporte)<\/li>\n<li>Para processar transa\u00e7\u00f5es e compras<\/li>\n<li>Para administrar um concurso, promo\u00e7\u00e3o, pesquisa ou outro recurso do site<\/li>\n<li>Para enviar e-mails peri\u00f3dicos<\/li>\n<\/ul>\n<h4>Quando a Sir Peter Shop usa informa\u00e7\u00f5es de clientes de terceiros?<\/h4>\n<p>Recebemos informa\u00e7\u00f5es de terceiros quando voc\u00ea nos contata. Por exemplo, quando voc\u00ea nos envia seu endere\u00e7o de e-mail para indicar interesse em se tornar um cliente da Sir Peter Shop, recebemos informa\u00e7\u00f5es de terceiros que fornecem servi\u00e7os automatizados de detec\u00e7\u00e3o de fraude \u00e0 Sir Peter Shop. Ocasionalmente, tamb\u00e9m coletamos informa\u00e7\u00f5es que s\u00e3o disponibilizadas publicamente em sites de redes sociais. Voc\u00ea pode controlar a quantidade de informa\u00e7\u00f5es que os sites de m\u00eddia social tornam p\u00fablicas visitando esses sites e alterando suas configura\u00e7\u00f5es de privacidade. <br \/><br \/><\/p>\n<h4>Compartilhamos as informa\u00e7\u00f5es que coletamos com terceiros?<\/h4>\n<p>Poderemos compartilhar as informa\u00e7\u00f5es que coletamos, tanto pessoais quanto n\u00e3o pessoais, com terceiros, como anunciantes, patrocinadores de concursos, parceiros promocionais e de marketing e outros que fornecem nosso conte\u00fado ou cujos produtos ou servi\u00e7os acreditamos que possam lhe interessar. Tamb\u00e9m poderemos compartilh\u00e1-los com nossas empresas afiliadas e parceiros de neg\u00f3cios atuais e futuros. <br \/><br \/>Podemos contratar prestadores de servi\u00e7os terceirizados de confian\u00e7a para executar fun\u00e7\u00f5es e nos fornecer servi\u00e7os, como hospedagem e manuten\u00e7\u00e3o de nossos servidores e plataforma, armazenamento e gerenciamento de banco de dados, gerenciamento de e-mail, marketing de armazenamento, processamento de dados, cart\u00f5es de cr\u00e9dito, servi\u00e7o e atendimento de pedidos. para produtos e servi\u00e7os que voc\u00ea pode adquirir atrav\u00e9s da plataforma. Poderemos compartilhar suas informa\u00e7\u00f5es pessoais, e possivelmente algumas informa\u00e7\u00f5es n\u00e3o pessoais, com esses terceiros para permitir que eles executem esses servi\u00e7os para n\u00f3s e para voc\u00ea.\u00a0 <br \/><br \/>Poderemos compartilhar partes de nossos dados de arquivos de log, incluindo endere\u00e7os IP, para fins anal\u00edticos com terceiros, como parceiros de an\u00e1lise da web, desenvolvedores de aplicativos e redes de publicidade. Se o seu endere\u00e7o IP for compartilhado, ele poder\u00e1 ser usado para estimar a localiza\u00e7\u00e3o geral e outros dados tecnol\u00f3gicos, como velocidade de conex\u00e3o, se voc\u00ea visitou a Plataforma em um local compartilhado e o tipo de dispositivo usado para visitar a Plataforma. Eles podem agregar informa\u00e7\u00f5es sobre a nossa publicidade e o que voc\u00ea v\u00ea na plataforma e, em seguida, fornecer auditorias, investiga\u00e7\u00f5es e relat\u00f3rios para n\u00f3s e para os nossos anunciantes.\u00a0 <br \/><br \/>Tamb\u00e9m poderemos divulgar informa\u00e7\u00f5es pessoais e n\u00e3o pessoais sobre voc\u00ea ao governo, autoridades respons\u00e1veis pela aplica\u00e7\u00e3o da lei ou terceiros privados, conforme acreditarmos, a nosso exclusivo crit\u00e9rio, necess\u00e1rio ou apropriado para responder a reclama\u00e7\u00f5es, processos legais (incluindo intima\u00e7\u00f5es), para proteger nossos direitos. e interesses ou de terceiros, a seguran\u00e7a do p\u00fablico ou de qualquer pessoa, para prevenir ou impedir qualquer atividade ilegal, anti\u00e9tica ou legalmente acion\u00e1vel, ou para cumprir ordens judiciais, leis, regras e regulamentos aplic\u00e1veis. <br \/><br \/><\/p>\n<h4>Onde e quando as informa\u00e7\u00f5es dos clientes e usu\u00e1rios finais s\u00e3o coletadas?<\/h4>\n<p>Sir Peter Shop coletar\u00e1 informa\u00e7\u00f5es pessoais que voc\u00ea nos enviar. Tamb\u00e9m poderemos receber informa\u00e7\u00f5es pessoais sobre voc\u00ea de terceiros, conforme descrito acima.<\/p>\n<p><br \/><br \/><\/p>\n<h4>Minhas informa\u00e7\u00f5es poderiam ser transferidas para outros pa\u00edses?<\/h4>\n<p>Estamos constitu\u00eddos em Espanha. As informa\u00e7\u00f5es coletadas atrav\u00e9s do nosso site, atrav\u00e9s de intera\u00e7\u00f5es diretas com voc\u00ea ou atrav\u00e9s do uso de nossos servi\u00e7os de suporte podem ser transferidas de tempos em tempos para nossos escrit\u00f3rios ou funcion\u00e1rios, ou para terceiros, localizados em todo o mundo, e podem ser visualizadas e hospedadas em qualquer lugar do mundo, incluindo pa\u00edses que podem n\u00e3o ter leis geralmente aplic\u00e1veis que regulem o uso e a transfer\u00eancia de tais dados. Na medida m\u00e1xima permitida pela lei aplic\u00e1vel, ao usar qualquer um dos itens acima, voc\u00ea concorda voluntariamente com a transfer\u00eancia e hospedagem transfronteiri\u00e7a de tais informa\u00e7\u00f5es. <br \/><br \/><\/p>\n<h4>A informa\u00e7\u00e3o recolhida atrav\u00e9s do Servi\u00e7o Sir Peter Shop \u00e9 segura?<\/h4>\n<p>Tomamos todas as precau\u00e7\u00f5es para proteger a seguran\u00e7a de suas informa\u00e7\u00f5es. Dispomos de procedimentos f\u00edsicos, eletr\u00f3nicos e administrativos para ajudar a proteger, impedir o acesso n\u00e3o autorizado, manter a seguran\u00e7a dos dados e utilizar corretamente as suas informa\u00e7\u00f5es. No entanto, nem as pessoas nem os sistemas de seguran\u00e7a s\u00e3o infal\u00edveis, incluindo os sistemas de encripta\u00e7\u00e3o. Al\u00e9m disso, as pessoas podem cometer crimes intencionais, cometer erros ou deixar de seguir as pol\u00edticas. Portanto, embora envidemos esfor\u00e7os razo\u00e1veis para proteger as suas informa\u00e7\u00f5es pessoais, n\u00e3o podemos garantir a sua seguran\u00e7a absoluta. Se a lei aplic\u00e1vel impor qualquer dever irrenunci\u00e1vel de proteger as suas informa\u00e7\u00f5es pessoais, voc\u00ea concorda que a m\u00e1 conduta intencional ser\u00e3o os padr\u00f5es usados para medir a nossa conformidade com esse dever. <br \/><br \/><\/p>\n<h4>Posso atualizar ou corrigir minhas informa\u00e7\u00f5es?<\/h4>\n<p>Os direitos que voc\u00ea tem para solicitar atualiza\u00e7\u00f5es ou corre\u00e7\u00f5es nas informa\u00e7\u00f5es que a Sir Peter Shop coleta dependem do seu relacionamento com a Sir Peter Shop. Os funcion\u00e1rios podem atualizar ou corrigir suas informa\u00e7\u00f5es conforme detalhado nas pol\u00edticas internas de emprego da empresa. <br \/><br \/>Os clientes t\u00eam o direito de solicitar a restri\u00e7\u00e3o de determinados usos e divulga\u00e7\u00f5es de informa\u00e7\u00f5es de identifica\u00e7\u00e3o pessoal, conforme segue. Voc\u00ea pode entrar em contato conosco para (1) atualizar ou corrigir suas informa\u00e7\u00f5es de identifica\u00e7\u00e3o pessoal, (2) alterar suas prefer\u00eancias em rela\u00e7\u00e3o \u00e0s comunica\u00e7\u00f5es e outras informa\u00e7\u00f5es que voc\u00ea recebe de n\u00f3s ou (3) excluir informa\u00e7\u00f5es de identifica\u00e7\u00e3o pessoal mantidas sobre voc\u00ea em nosso sistema (sujeito \u00e0s par\u00e1grafo seguinte), cancelando sua conta. Tais atualiza\u00e7\u00f5es, corre\u00e7\u00f5es, altera\u00e7\u00f5es e exclus\u00f5es n\u00e3o ter\u00e3o efeito sobre outras informa\u00e7\u00f5es que mantemos ou informa\u00e7\u00f5es que fornecemos a terceiros de acordo com esta Pol\u00edtica de Privacidade antes de tal atualiza\u00e7\u00e3o, corre\u00e7\u00e3o, altera\u00e7\u00e3o ou exclus\u00e3o. Para proteger a sua privacidade e seguran\u00e7a, podemos tomar medidas razo\u00e1veis (como exigir uma senha exclusiva) para verificar a sua identidade antes de lhe conceder acesso ao seu perfil ou fazer corre\u00e7\u00f5es. Voc\u00ea \u00e9 respons\u00e1vel por manter sempre o sigilo de sua senha exclusiva e informa\u00e7\u00f5es de conta. <br \/><br \/>Voc\u00ea deve estar ciente de que n\u00e3o \u00e9 tecnologicamente poss\u00edvel excluir de nosso sistema todo e qualquer registro das informa\u00e7\u00f5es que voc\u00ea nos forneceu. A necessidade de fazer backup dos nossos sistemas para proteger as informa\u00e7\u00f5es contra perda inadvertida significa que uma c\u00f3pia das suas informa\u00e7\u00f5es pode existir em um formato que n\u00e3o pode ser apagado e ser\u00e1 dif\u00edcil ou imposs\u00edvel para n\u00f3s localizarmos. Imediatamente ap\u00f3s o recebimento de sua solicita\u00e7\u00e3o, todas as informa\u00e7\u00f5es pessoais armazenadas nos bancos de dados que usamos ativamente e em outras m\u00eddias facilmente pesquis\u00e1veis ser\u00e3o atualizadas, corrigidas, alteradas ou exclu\u00eddas, conforme apropriado, assim que e na medida razo\u00e1vel e tecnicamente vi\u00e1vel poss\u00edvel. <br \/><br \/>Se voc\u00ea \u00e9 um usu\u00e1rio final e deseja atualizar, excluir ou receber qualquer informa\u00e7\u00e3o que tenhamos sobre voc\u00ea, poder\u00e1 faz\u00ea-lo entrando em contato com a organiza\u00e7\u00e3o da qual \u00e9 cliente. <br \/><br \/><\/p>\n<h4>Funcion\u00e1rios<\/h4>\n<p>Se voc\u00ea \u00e9 funcion\u00e1rio ou candidato da Sir Peter Shop, coletamos informa\u00e7\u00f5es que voc\u00ea nos fornece voluntariamente. Usamos as informa\u00e7\u00f5es coletadas para fins de recursos humanos para administrar benef\u00edcios aos funcion\u00e1rios e selecionar candidatos. <br \/><br \/>Voc\u00ea pode entrar em contato conosco para (1) atualizar ou corrigir suas informa\u00e7\u00f5es, (2) alterar suas prefer\u00eancias em rela\u00e7\u00e3o \u00e0s comunica\u00e7\u00f5es e outras informa\u00e7\u00f5es que voc\u00ea recebe de n\u00f3s, ou (3) receber um registro das informa\u00e7\u00f5es que temos relacionadas a voc\u00ea. Tais atualiza\u00e7\u00f5es, corre\u00e7\u00f5es, altera\u00e7\u00f5es e exclus\u00f5es n\u00e3o ter\u00e3o efeito sobre outras informa\u00e7\u00f5es que mantemos ou informa\u00e7\u00f5es que fornecemos a terceiros de acordo com esta Pol\u00edtica de Privacidade antes de tal atualiza\u00e7\u00e3o, corre\u00e7\u00e3o, altera\u00e7\u00e3o ou exclus\u00e3o. <br \/><br \/><\/p>\n<h4>Venda comercial<\/h4>\n<p>Reservamo-nos o direito de transferir informa\u00e7\u00f5es a terceiros em caso de venda, fus\u00e3o ou outra transfer\u00eancia de todos ou substancialmente todos os ativos da Sir Peter Shop ou de qualquer uma de suas afiliadas corporativas (conforme definido neste documento), ou a parte de Sir Peter Shop ou qualquer uma de suas afiliadas corporativas \u00e0s quais o Servi\u00e7o se refere, ou no caso de descontinuarmos nossos neg\u00f3cios ou apresentarmos uma peti\u00e7\u00e3o ou tivermos apresentado uma peti\u00e7\u00e3o contra n\u00f3s em caso de fal\u00eancia, reorganiza\u00e7\u00e3o ou processo semelhante, desde que o terceiro a parte concorda em aderir aos termos desta Pol\u00edtica de Privacidade. <br \/><br \/><\/p>\t\t\t\t\t\t\t\t<\/div>\n\t\t\t\t<\/div>\n\t\t\t\t\t<\/div>\n\t\t\t\t<\/div>\n\t\t\t\t<\/div>","protected":false},"excerpt":{"rendered":"<p>Actualizado el 2024-03-18 Sir Peter Shop se compromete a proteger su privacidad. Esta Pol\u00edtica de privacidad explica c\u00f3mo Sir Peter Shop recopila, usa y divulga su informaci\u00f3n personal. Esta Pol\u00edtica de privacidad se aplica a nuestro sitio web, sirpetershop.com, y sus subdominios asociados (colectivamente, nuestro \u00abServicio\u00bb). Al acceder o utilizar nuestro Servicio, usted indica que [&hellip;]<\/p>","protected":false},"author":1,"featured_media":0,"parent":0,"menu_order":0,"comment_status":"closed","ping_status":"closed","template":"elementor_header_footer","meta":{"site-sidebar-layout":"default","site-content-layout":"","ast-site-content-layout":"default","site-content-style":"default","site-sidebar-style":"default","ast-global-header-display":"","ast-banner-title-visibility":"","ast-main-header-display":"","ast-hfb-above-header-display":"","ast-hfb-below-header-display":"","ast-hfb-mobile-header-display":"","site-post-title":"","ast-breadcrumbs-content":"","ast-featured-img":"","footer-sml-layout":"","ast-disable-related-posts":"","theme-transparent-header-meta":"","adv-header-id-meta":"","stick-header-meta":"","header-above-stick-meta":"","header-main-stick-meta":"","header-below-stick-meta":"","astra-migrate-meta-layouts":"default","ast-page-background-enabled":"default","ast-page-background-meta":{"desktop":{"background-color":"var(--ast-global-color-5)","background-image":"","background-repeat":"repeat","background-position":"center center","background-size":"auto","background-attachment":"scroll","background-type":"","background-media":"","overlay-type":"","overlay-color":"","overlay-opacity":"","overlay-gradient":""},"tablet":{"background-color":"","background-image":"","background-repeat":"repeat","background-position":"center center","background-size":"auto","background-attachment":"scroll","background-type":"","background-media":"","overlay-type":"","overlay-color":"","overlay-opacity":"","overlay-gradient":""},"mobile":{"background-color":"","background-image":"","background-repeat":"repeat","background-position":"center center","background-size":"auto","background-attachment":"scroll","background-type":"","background-media":"","overlay-type":"","overlay-color":"","overlay-opacity":"","overlay-gradient":""}},"ast-content-background-meta":{"desktop":{"background-color":"var(--ast-global-color-4)","background-image":"","background-repeat":"repeat","background-position":"center center","background-size":"auto","background-attachment":"scroll","background-type":"","background-media":"","overlay-type":"","overlay-color":"","overlay-opacity":"","overlay-gradient":""},"tablet":{"background-color":"var(--ast-global-color-4)","background-image":"","background-repeat":"repeat","background-position":"center center","background-size":"auto","background-attachment":"scroll","background-type":"","background-media":"","overlay-type":"","overlay-color":"","overlay-opacity":"","overlay-gradient":""},"mobile":{"background-color":"var(--ast-global-color-4)","background-image":"","background-repeat":"repeat","background-position":"center center","background-size":"auto","background-attachment":"scroll","background-type":"","background-media":"","overlay-type":"","overlay-color":"","overlay-opacity":"","overlay-gradient":""}},"jetpack_post_was_ever_published":false,"footnotes":""},"class_list":["post-3","page","type-page","status-publish","hentry"],"jetpack_sharing_enabled":true,"_links":{"self":[{"href":"https:\/\/sirpetershop.com\/pt\/wp-json\/wp\/v2\/pages\/3","targetHints":{"allow":["GET"]}}],"collection":[{"href":"https:\/\/sirpetershop.com\/pt\/wp-json\/wp\/v2\/pages"}],"about":[{"href":"https:\/\/sirpetershop.com\/pt\/wp-json\/wp\/v2\/types\/page"}],"author":[{"embeddable":true,"href":"https:\/\/sirpetershop.com\/pt\/wp-json\/wp\/v2\/users\/1"}],"replies":[{"embeddable":true,"href":"https:\/\/sirpetershop.com\/pt\/wp-json\/wp\/v2\/comments?post=3"}],"version-history":[{"count":4,"href":"https:\/\/sirpetershop.com\/pt\/wp-json\/wp\/v2\/pages\/3\/revisions"}],"predecessor-version":[{"id":5810,"href":"https:\/\/sirpetershop.com\/pt\/wp-json\/wp\/v2\/pages\/3\/revisions\/5810"}],"wp:attachment":[{"href":"https:\/\/sirpetershop.com\/pt\/wp-json\/wp\/v2\/media?parent=3"}],"curies":[{"name":"wp","href":"https:\/\/api.w.org\/{rel}","templated":true}]}}