{"id":1133,"date":"2022-10-18T18:09:58","date_gmt":"2022-10-18T18:09:58","guid":{"rendered":"https:\/\/sirpetershop.com\/producto\/poster-v6\/"},"modified":"2026-03-05T13:54:16","modified_gmt":"2026-03-05T12:54:16","slug":"comic-las-aventuras-de-sir-peter","status":"publish","type":"product","link":"https:\/\/sirpetershop.com\/pt\/produto\/comic-las-aventuras-de-sir-peter\/","title":{"rendered":"Quadrinho \u00abAs Aventuras de Sir Peter\u00bb"},"content":{"rendered":"<p><strong>PRIMEIRA P\u00c1GINA:<\/strong><\/p>\n<p>Formato: 35 x 24 cm.<\/p>\n<p>Tipo de papel ou suporte: Revestido mate.<\/p>\n<p>Gramagem: 200.<\/p>\n<p>Tintas: 4+0.<\/p>\n<p>Acabamentos: Vidro. Mate 1 C, capa dura forrada.<\/p>\n<p>&nbsp;<\/p>\n<p><strong>DENTRO:<\/strong><\/p>\n<p>N\u00famero de p\u00e1ginas: 64.<\/p>\n<p>Formato: 17 x 24 cm.<\/p>\n<p>Tipo de papel ou suporte: Revestido mate.<\/p>\n<p>Gramagem: 170.<\/p>\n<p>Tintas: 4+4.<\/p>","protected":false},"excerpt":{"rendered":"<p>&nbsp;<\/p>\n<p>&nbsp;<\/p>\n<p>&nbsp;<\/p>\n<p>A primeira edi\u00e7\u00e3o da hist\u00f3ria em quadrinhos As Aventuras de Sir Peter est\u00e1 aqui.<\/p>\n<p>&nbsp;<\/p>\n<p>A hist\u00f3ria em quadrinhos \u00e9 baseada nas hist\u00f3rias reais da vida de Sir Peter, com seus personagens reais, seus amigos e suas aventuras mais quentes.<\/p>\n<p>&nbsp;<\/p>\n<p><i><span style=\"color: #fbff7d;\">Observa\u00e7\u00e3o:<\/span> No caso de compra de mais de um item com data de envio diferente, o mesmo ser\u00e1 feito em conjunto quando o item estiver dispon\u00edvel.<\/i><\/p>","protected":false},"featured_media":7685,"comment_status":"open","ping_status":"closed","template":"","meta":{"site-sidebar-layout":"default","site-content-layout":"default","ast-site-content-layout":"default","site-content-style":"default","site-sidebar-style":"default","ast-global-header-display":"","ast-banner-title-visibility":"","ast-main-header-display":"","ast-hfb-above-header-display":"","ast-hfb-below-header-display":"","ast-hfb-mobile-header-display":"","site-post-title":"","ast-breadcrumbs-content":"","ast-featured-img":"","footer-sml-layout":"","ast-disable-related-posts":"","theme-transparent-header-meta":"default","adv-header-id-meta":"","stick-header-meta":"default","header-above-stick-meta":"","header-main-stick-meta":"","header-below-stick-meta":"","astra-migrate-meta-layouts":"set","ast-page-background-enabled":"default","ast-page-background-meta":{"desktop":{"background-color":"var(--ast-global-color-5)","background-image":"","background-repeat":"repeat","background-position":"center center","background-size":"auto","background-attachment":"scroll","background-type":"","background-media":"","overlay-type":"","overlay-color":"","overlay-opacity":"","overlay-gradient":""},"tablet":{"background-color":"","background-image":"","background-repeat":"repeat","background-position":"center center","background-size":"auto","background-attachment":"scroll","background-type":"","background-media":"","overlay-type":"","overlay-color":"","overlay-opacity":"","overlay-gradient":""},"mobile":{"background-color":"","background-image":"","background-repeat":"repeat","background-position":"center center","background-size":"auto","background-attachment":"scroll","background-type":"","background-media":"","overlay-type":"","overlay-color":"","overlay-opacity":"","overlay-gradient":""}},"ast-content-background-meta":{"desktop":{"background-color":"var(--ast-global-color-4)","background-image":"","background-repeat":"repeat","background-position":"center center","background-size":"auto","background-attachment":"scroll","background-type":"","background-media":"","overlay-type":"","overlay-color":"","overlay-opacity":"","overlay-gradient":""},"tablet":{"background-color":"var(--ast-global-color-4)","background-image":"","background-repeat":"repeat","background-position":"center center","background-size":"auto","background-attachment":"scroll","background-type":"","background-media":"","overlay-type":"","overlay-color":"","overlay-opacity":"","overlay-gradient":""},"mobile":{"background-color":"var(--ast-global-color-4)","background-image":"","background-repeat":"repeat","background-position":"center center","background-size":"auto","background-attachment":"scroll","background-type":"","background-media":"","overlay-type":"","overlay-color":"","overlay-opacity":"","overlay-gradient":""}},"jetpack_post_was_ever_published":false},"product_brand":[],"product_cat":[52,40],"product_tag":[57,42],"class_list":{"0":"post-1133","1":"product","2":"type-product","3":"status-publish","4":"has-post-thumbnail","6":"product_cat-comic","7":"product_cat-complementos","8":"product_tag-comic","9":"product_tag-complementos","10":"product_shipping_class-envio-comic","11":"desktop-align-center","12":"tablet-align-left","13":"mobile-align-left","15":"first","16":"instock","17":"taxable","18":"shipping-taxable","19":"purchasable","20":"product-type-simple"},"jetpack_sharing_enabled":true,"_links":{"self":[{"href":"https:\/\/sirpetershop.com\/pt\/wp-json\/wp\/v2\/product\/1133","targetHints":{"allow":["GET"]}}],"collection":[{"href":"https:\/\/sirpetershop.com\/pt\/wp-json\/wp\/v2\/product"}],"about":[{"href":"https:\/\/sirpetershop.com\/pt\/wp-json\/wp\/v2\/types\/product"}],"replies":[{"embeddable":true,"href":"https:\/\/sirpetershop.com\/pt\/wp-json\/wp\/v2\/comments?post=1133"}],"version-history":[{"count":22,"href":"https:\/\/sirpetershop.com\/pt\/wp-json\/wp\/v2\/product\/1133\/revisions"}],"predecessor-version":[{"id":7669,"href":"https:\/\/sirpetershop.com\/pt\/wp-json\/wp\/v2\/product\/1133\/revisions\/7669"}],"wp:featuredmedia":[{"embeddable":true,"href":"https:\/\/sirpetershop.com\/pt\/wp-json\/wp\/v2\/media\/7685"}],"wp:attachment":[{"href":"https:\/\/sirpetershop.com\/pt\/wp-json\/wp\/v2\/media?parent=1133"}],"wp:term":[{"taxonomy":"product_brand","embeddable":true,"href":"https:\/\/sirpetershop.com\/pt\/wp-json\/wp\/v2\/product_brand?post=1133"},{"taxonomy":"product_cat","embeddable":true,"href":"https:\/\/sirpetershop.com\/pt\/wp-json\/wp\/v2\/product_cat?post=1133"},{"taxonomy":"product_tag","embeddable":true,"href":"https:\/\/sirpetershop.com\/pt\/wp-json\/wp\/v2\/product_tag?post=1133"}],"curies":[{"name":"wp","href":"https:\/\/api.w.org\/{rel}","templated":true}]}}