{"id":1134,"date":"2022-10-18T18:10:06","date_gmt":"2022-10-18T18:10:06","guid":{"rendered":"https:\/\/sirpetershop.com\/producto\/poster-v5\/"},"modified":"2026-02-14T18:57:52","modified_gmt":"2026-02-14T17:57:52","slug":"limpiador-natural-juguetes-150ml","status":"publish","type":"product","link":"https:\/\/sirpetershop.com\/pt\/produto\/limpiador-natural-juguetes-150ml\/","title":{"rendered":"Limpador de brinquedos naturais 150 ml"},"content":{"rendered":"<p><strong>Caracteristicas:<\/strong><\/p>\n<ul>\n<li>Antibacteriano e desinfetante<\/li>\n<li>Compat\u00edvel com brinquedos er\u00f3ticos de qualquer material<\/li>\n<li>100% compat\u00edvel com l\u00e1tex, silicone e borracha<\/li>\n<li>produto vegano<\/li>\n<li>N\u00e3o testado em animais<\/li>\n<li>Formato spray de 150 ml<\/li>\n<\/ul>","protected":false},"excerpt":{"rendered":"<p>&nbsp;<\/p>\n<div id=\"m_5672286980158969877gmail-idTab1\">\n<p>O limpador Sir Peter Cock ajuda voc\u00ea a mant\u00ea-lo sempre higienizado e garante m\u00e1xima durabilidade. Assim, voc\u00ea elimina o risco de infec\u00e7\u00f5es gra\u00e7as \u00e0s suas propriedades actibacterianas e anti-s\u00e9pticas.<\/p>\n<p>&nbsp;<\/p>\n<ul>\n<li>Adequado para brinquedos er\u00f3ticos de todos os tipos e feitos de qualquer material.<\/li>\n<li>Antibacteriano e desinfetante.<\/li>\n<li>Sem \u00e1lcool e sem sulfato.<\/li>\n<li>Deve ser armazenado em temperatura ambiente e sempre na embalagem original.<\/li>\n<li>Vegano<\/li>\n<\/ul>\n<p><strong>Recomenda\u00e7\u00f5es de uso:<\/strong><\/p>\n<p>&nbsp;<\/p>\n<p>Pulverize 2 ou 3 vezes no brinquedo e espalhe com um pano para remover qualquer lubrificante ou fluido restante. E pronto!<\/p>\n<p>&nbsp;<\/p>\n<\/div>\n<p><span style=\"color: #ffff00;\">\u00a0No caso de compra de mais de um item com data de envio diferente, o mesmo ser\u00e1 feito em conjunto quando todos os itens estiverem dispon\u00edveis.<\/span><\/p>","protected":false},"featured_media":7711,"comment_status":"open","ping_status":"closed","template":"","meta":{"site-sidebar-layout":"default","site-content-layout":"default","ast-site-content-layout":"default","site-content-style":"default","site-sidebar-style":"default","ast-global-header-display":"","ast-banner-title-visibility":"","ast-main-header-display":"","ast-hfb-above-header-display":"","ast-hfb-below-header-display":"","ast-hfb-mobile-header-display":"","site-post-title":"","ast-breadcrumbs-content":"","ast-featured-img":"","footer-sml-layout":"","ast-disable-related-posts":"","theme-transparent-header-meta":"default","adv-header-id-meta":"","stick-header-meta":"default","header-above-stick-meta":"","header-main-stick-meta":"","header-below-stick-meta":"","astra-migrate-meta-layouts":"set","ast-page-background-enabled":"default","ast-page-background-meta":{"desktop":{"background-color":"var(--ast-global-color-5)","background-image":"","background-repeat":"repeat","background-position":"center center","background-size":"auto","background-attachment":"scroll","background-type":"","background-media":"","overlay-type":"","overlay-color":"","overlay-opacity":"","overlay-gradient":""},"tablet":{"background-color":"","background-image":"","background-repeat":"repeat","background-position":"center center","background-size":"auto","background-attachment":"scroll","background-type":"","background-media":"","overlay-type":"","overlay-color":"","overlay-opacity":"","overlay-gradient":""},"mobile":{"background-color":"","background-image":"","background-repeat":"repeat","background-position":"center center","background-size":"auto","background-attachment":"scroll","background-type":"","background-media":"","overlay-type":"","overlay-color":"","overlay-opacity":"","overlay-gradient":""}},"ast-content-background-meta":{"desktop":{"background-color":"var(--ast-global-color-4)","background-image":"","background-repeat":"repeat","background-position":"center center","background-size":"auto","background-attachment":"scroll","background-type":"","background-media":"","overlay-type":"","overlay-color":"","overlay-opacity":"","overlay-gradient":""},"tablet":{"background-color":"var(--ast-global-color-4)","background-image":"","background-repeat":"repeat","background-position":"center center","background-size":"auto","background-attachment":"scroll","background-type":"","background-media":"","overlay-type":"","overlay-color":"","overlay-opacity":"","overlay-gradient":""},"mobile":{"background-color":"var(--ast-global-color-4)","background-image":"","background-repeat":"repeat","background-position":"center center","background-size":"auto","background-attachment":"scroll","background-type":"","background-media":"","overlay-type":"","overlay-color":"","overlay-opacity":"","overlay-gradient":""}},"jetpack_post_was_ever_published":false},"product_brand":[],"product_cat":[40],"product_tag":[42,41,53],"class_list":{"0":"post-1134","1":"product","2":"type-product","3":"status-publish","4":"has-post-thumbnail","6":"product_cat-complementos","7":"product_tag-complementos","8":"product_tag-juguetes","9":"product_tag-limpiador","10":"product_shipping_class-envio-urgente","11":"desktop-align-center","12":"tablet-align-left","13":"mobile-align-left","15":"first","16":"instock","17":"taxable","18":"shipping-taxable","19":"purchasable","20":"product-type-simple"},"jetpack_sharing_enabled":true,"_links":{"self":[{"href":"https:\/\/sirpetershop.com\/pt\/wp-json\/wp\/v2\/product\/1134","targetHints":{"allow":["GET"]}}],"collection":[{"href":"https:\/\/sirpetershop.com\/pt\/wp-json\/wp\/v2\/product"}],"about":[{"href":"https:\/\/sirpetershop.com\/pt\/wp-json\/wp\/v2\/types\/product"}],"replies":[{"embeddable":true,"href":"https:\/\/sirpetershop.com\/pt\/wp-json\/wp\/v2\/comments?post=1134"}],"version-history":[{"count":13,"href":"https:\/\/sirpetershop.com\/pt\/wp-json\/wp\/v2\/product\/1134\/revisions"}],"predecessor-version":[{"id":7902,"href":"https:\/\/sirpetershop.com\/pt\/wp-json\/wp\/v2\/product\/1134\/revisions\/7902"}],"wp:featuredmedia":[{"embeddable":true,"href":"https:\/\/sirpetershop.com\/pt\/wp-json\/wp\/v2\/media\/7711"}],"wp:attachment":[{"href":"https:\/\/sirpetershop.com\/pt\/wp-json\/wp\/v2\/media?parent=1134"}],"wp:term":[{"taxonomy":"product_brand","embeddable":true,"href":"https:\/\/sirpetershop.com\/pt\/wp-json\/wp\/v2\/product_brand?post=1134"},{"taxonomy":"product_cat","embeddable":true,"href":"https:\/\/sirpetershop.com\/pt\/wp-json\/wp\/v2\/product_cat?post=1134"},{"taxonomy":"product_tag","embeddable":true,"href":"https:\/\/sirpetershop.com\/pt\/wp-json\/wp\/v2\/product_tag?post=1134"}],"curies":[{"name":"wp","href":"https:\/\/api.w.org\/{rel}","templated":true}]}}