{"id":1136,"date":"2022-10-18T18:11:13","date_gmt":"2022-10-18T18:11:13","guid":{"rendered":"https:\/\/sirpetershop.com\/producto\/poster-v3\/"},"modified":"2026-02-14T18:57:52","modified_gmt":"2026-02-14T17:57:52","slug":"lubricante-organico-base-agua-150ml","status":"publish","type":"product","link":"https:\/\/sirpetershop.com\/pt\/produto\/lubricante-organico-base-agua-150ml\/","title":{"rendered":"Lubrificante Org\u00e2nico \u00e0 Base de \u00c1gua 150 ml"},"content":{"rendered":"<h4>Caracteristicas:<\/h4>\n<ul>\n<li>Lubrificante org\u00e2nico<\/li>\n<li>Ins\u00edpido, incolor e inodoro<\/li>\n<li>N\u00e3o deixa res\u00edduos<\/li>\n<li>Compat\u00edvel com preservativos e brinquedos er\u00f3ticos<\/li>\n<li>produto vegano<\/li>\n<li>N\u00e3o testado em animais<\/li>\n<li>Testado dermatologicamente<\/li>\n<li>Dispon\u00edvel no formato 150 ml.<\/li>\n<\/ul>","protected":false},"excerpt":{"rendered":"<p>&nbsp;<\/p>\n<p><strong>Lubrificante Org\u00e2nico \u00e0 Base de \u00c1gua 150 ml<\/strong><\/p>\n<p>&nbsp;<\/p>\n<p>El lubricante de Sir Peter es de color blanco, sin olor ni sabor y con una textura sedosa.<\/p>\n<p>&nbsp;<\/p>\n<p>Lubricante vegano y org\u00e1nico: ha sido dermatol\u00f3gicamente testado y est\u00e1 fabricado \u00fanicamente con productos naturales de procedencia org\u00e1nica no animal (con ning\u00fan tipo de qu\u00edmico). Tampoco se ha testado sobre ning\u00fan animal.<\/p>\n<p>&nbsp;<\/p>\n<p>O lubrificante Sir Peter \u00e9 adequado para:<\/p>\n<p>&nbsp;<\/p>\n<ul>\n<li>Use a dois em qualquer \u00e1rea \u00edntima, respeitando o corpo com 100%.<\/li>\n<li>Use junto com brinquedos er\u00f3ticos de silicone ou qualquer outro material.<\/li>\n<li>Use junto com preservativos de l\u00e1tex.<\/li>\n<\/ul>\n<p>&nbsp;<\/p>\n<p><span style=\"color: #ffff00;\">\u00a0No caso de compra de mais de um item com data de envio diferente, o mesmo ser\u00e1 feito em conjunto quando todos os itens estiverem dispon\u00edveis.<\/span><\/p>","protected":false},"featured_media":7934,"comment_status":"open","ping_status":"closed","template":"","meta":{"site-sidebar-layout":"default","site-content-layout":"default","ast-site-content-layout":"default","site-content-style":"default","site-sidebar-style":"default","ast-global-header-display":"","ast-banner-title-visibility":"","ast-main-header-display":"","ast-hfb-above-header-display":"","ast-hfb-below-header-display":"","ast-hfb-mobile-header-display":"","site-post-title":"","ast-breadcrumbs-content":"","ast-featured-img":"","footer-sml-layout":"","ast-disable-related-posts":"","theme-transparent-header-meta":"default","adv-header-id-meta":"","stick-header-meta":"default","header-above-stick-meta":"","header-main-stick-meta":"","header-below-stick-meta":"","astra-migrate-meta-layouts":"set","ast-page-background-enabled":"default","ast-page-background-meta":{"desktop":{"background-color":"var(--ast-global-color-5)","background-image":"","background-repeat":"repeat","background-position":"center center","background-size":"auto","background-attachment":"scroll","background-type":"","background-media":"","overlay-type":"","overlay-color":"","overlay-opacity":"","overlay-gradient":""},"tablet":{"background-color":"","background-image":"","background-repeat":"repeat","background-position":"center center","background-size":"auto","background-attachment":"scroll","background-type":"","background-media":"","overlay-type":"","overlay-color":"","overlay-opacity":"","overlay-gradient":""},"mobile":{"background-color":"","background-image":"","background-repeat":"repeat","background-position":"center center","background-size":"auto","background-attachment":"scroll","background-type":"","background-media":"","overlay-type":"","overlay-color":"","overlay-opacity":"","overlay-gradient":""}},"ast-content-background-meta":{"desktop":{"background-color":"var(--ast-global-color-4)","background-image":"","background-repeat":"repeat","background-position":"center center","background-size":"auto","background-attachment":"scroll","background-type":"","background-media":"","overlay-type":"","overlay-color":"","overlay-opacity":"","overlay-gradient":""},"tablet":{"background-color":"var(--ast-global-color-4)","background-image":"","background-repeat":"repeat","background-position":"center center","background-size":"auto","background-attachment":"scroll","background-type":"","background-media":"","overlay-type":"","overlay-color":"","overlay-opacity":"","overlay-gradient":""},"mobile":{"background-color":"var(--ast-global-color-4)","background-image":"","background-repeat":"repeat","background-position":"center center","background-size":"auto","background-attachment":"scroll","background-type":"","background-media":"","overlay-type":"","overlay-color":"","overlay-opacity":"","overlay-gradient":""}},"jetpack_post_was_ever_published":false},"product_brand":[],"product_cat":[40],"product_tag":[42,41,54],"class_list":{"0":"post-1136","1":"product","2":"type-product","3":"status-publish","4":"has-post-thumbnail","6":"product_cat-complementos","7":"product_tag-complementos","8":"product_tag-juguetes","9":"product_tag-lubricante","10":"product_shipping_class-envio-urgente","11":"desktop-align-center","12":"tablet-align-left","13":"mobile-align-left","15":"first","16":"instock","17":"taxable","18":"shipping-taxable","19":"purchasable","20":"product-type-simple"},"jetpack_sharing_enabled":true,"_links":{"self":[{"href":"https:\/\/sirpetershop.com\/pt\/wp-json\/wp\/v2\/product\/1136","targetHints":{"allow":["GET"]}}],"collection":[{"href":"https:\/\/sirpetershop.com\/pt\/wp-json\/wp\/v2\/product"}],"about":[{"href":"https:\/\/sirpetershop.com\/pt\/wp-json\/wp\/v2\/types\/product"}],"replies":[{"embeddable":true,"href":"https:\/\/sirpetershop.com\/pt\/wp-json\/wp\/v2\/comments?post=1136"}],"version-history":[{"count":14,"href":"https:\/\/sirpetershop.com\/pt\/wp-json\/wp\/v2\/product\/1136\/revisions"}],"predecessor-version":[{"id":7901,"href":"https:\/\/sirpetershop.com\/pt\/wp-json\/wp\/v2\/product\/1136\/revisions\/7901"}],"wp:featuredmedia":[{"embeddable":true,"href":"https:\/\/sirpetershop.com\/pt\/wp-json\/wp\/v2\/media\/7934"}],"wp:attachment":[{"href":"https:\/\/sirpetershop.com\/pt\/wp-json\/wp\/v2\/media?parent=1136"}],"wp:term":[{"taxonomy":"product_brand","embeddable":true,"href":"https:\/\/sirpetershop.com\/pt\/wp-json\/wp\/v2\/product_brand?post=1136"},{"taxonomy":"product_cat","embeddable":true,"href":"https:\/\/sirpetershop.com\/pt\/wp-json\/wp\/v2\/product_cat?post=1136"},{"taxonomy":"product_tag","embeddable":true,"href":"https:\/\/sirpetershop.com\/pt\/wp-json\/wp\/v2\/product_tag?post=1136"}],"curies":[{"name":"wp","href":"https:\/\/api.w.org\/{rel}","templated":true}]}}