{"id":1138,"date":"2022-10-18T18:11:27","date_gmt":"2022-10-18T18:11:27","guid":{"rendered":"https:\/\/sirpetershop.com\/producto\/poster-v1\/"},"modified":"2026-03-05T20:27:31","modified_gmt":"2026-03-05T19:27:31","slug":"sir-peter-cock-edicion-especial","status":"publish","type":"product","link":"https:\/\/sirpetershop.com\/pt\/produto\/sir-peter-cock-edicion-especial\/","title":{"rendered":"Sir Peter Cock (Limited Special Edition Box )  ***SOLD***"},"content":{"rendered":"<p>&nbsp;<\/p>\n<ul>\n<li><strong>Tamanho \u00fanico<\/strong>: 25 cm\/9&#039;8 polegadas.<\/li>\n<li><strong>Tamanho inser\u00edvel<\/strong>: 23 cm\/9 polegadas.<\/li>\n<li><strong>Di\u00e2metro m\u00e1ximo<\/strong>: 6,4 cm\/2,5 polegadas.<\/li>\n<li><strong>Circunfer\u00eancia<\/strong>: 18 cm\/7 polegadas.<\/li>\n<li><strong>Peso<\/strong>: 780 gr\/27,5 on\u00e7as.<\/li>\n<li><strong>Materiais<\/strong>: Borracha de silicone HTV de dupla densidade sem ftalatos<\/li>\n<li><strong>Textura<\/strong>: Hiperrealista.<\/li>\n<li><strong>\u00c0 prova d&#039;\u00e1gua<\/strong>: Sim (IPX7).<\/li>\n<\/ul>","protected":false},"excerpt":{"rendered":"<p>&nbsp;<\/p>\n<p><strong>Produto original Sir Peter<\/strong><\/p>\n<p>&nbsp;<\/p>\n<p><span style=\"color: #ff0000;\">(GASTOS DE ENV\u00cdO GRATUITOS A TODA ESPA\u00d1A)<\/span><\/p>\n<p>&nbsp;<\/p>\n<p>Apresentamos-lhe o vibrador mais esperado, a r\u00e9plica EXATA do membro do ator Sir Peter, para o qual foram cuidados at\u00e9 os m\u00ednimos detalhes, obtendo um resultado realista imbat\u00edvel.<\/p>\n<p>&nbsp;<\/p>\n<p>Com grandes detalhes e feito de silicone HTV de dupla densidade da melhor qualidade que lhe confere uma textura macia e o m\u00e1ximo efeito realista.<\/p>\n<p>&nbsp;<\/p>\n<p>Vibrador de 25 cm com efeito de couro macio com cores, toque e tamanhos exatos do membro real de Sir Peter.<\/p>\n<p>&nbsp;<\/p>\n<p>Este art\u00edculo se presenta en su Caja de Edici\u00f3n Especial limitada a 500 unidades.<\/p>\n<p>&nbsp;<\/p>\n<p>The estimated shipping date is 1 week\u00a0 from your purchase.<\/p>\n<p>&nbsp;<\/p>\n<p><span style=\"color: #fbff7d;\">Informa\u00e7\u00f5es:<\/span> No caso de compra de mais de um item com data de envio diferente, o mesmo ser\u00e1 feito em conjunto quando todos os itens estiverem dispon\u00edveis.<\/p>\n<p>&nbsp;<\/p>\n<p>&nbsp;<\/p>","protected":false},"featured_media":6344,"comment_status":"open","ping_status":"closed","template":"","meta":{"site-sidebar-layout":"default","site-content-layout":"default","ast-site-content-layout":"default","site-content-style":"default","site-sidebar-style":"default","ast-global-header-display":"","ast-banner-title-visibility":"","ast-main-header-display":"","ast-hfb-above-header-display":"","ast-hfb-below-header-display":"","ast-hfb-mobile-header-display":"","site-post-title":"","ast-breadcrumbs-content":"","ast-featured-img":"","footer-sml-layout":"","ast-disable-related-posts":"","theme-transparent-header-meta":"default","adv-header-id-meta":"","stick-header-meta":"default","header-above-stick-meta":"","header-main-stick-meta":"","header-below-stick-meta":"","astra-migrate-meta-layouts":"set","ast-page-background-enabled":"default","ast-page-background-meta":{"desktop":{"background-color":"var(--ast-global-color-5)","background-image":"","background-repeat":"repeat","background-position":"center center","background-size":"auto","background-attachment":"scroll","background-type":"","background-media":"","overlay-type":"","overlay-color":"","overlay-opacity":"","overlay-gradient":""},"tablet":{"background-color":"","background-image":"","background-repeat":"repeat","background-position":"center center","background-size":"auto","background-attachment":"scroll","background-type":"","background-media":"","overlay-type":"","overlay-color":"","overlay-opacity":"","overlay-gradient":""},"mobile":{"background-color":"","background-image":"","background-repeat":"repeat","background-position":"center center","background-size":"auto","background-attachment":"scroll","background-type":"","background-media":"","overlay-type":"","overlay-color":"","overlay-opacity":"","overlay-gradient":""}},"ast-content-background-meta":{"desktop":{"background-color":"var(--ast-global-color-4)","background-image":"","background-repeat":"repeat","background-position":"center center","background-size":"auto","background-attachment":"scroll","background-type":"","background-media":"","overlay-type":"","overlay-color":"","overlay-opacity":"","overlay-gradient":""},"tablet":{"background-color":"var(--ast-global-color-4)","background-image":"","background-repeat":"repeat","background-position":"center center","background-size":"auto","background-attachment":"scroll","background-type":"","background-media":"","overlay-type":"","overlay-color":"","overlay-opacity":"","overlay-gradient":""},"mobile":{"background-color":"var(--ast-global-color-4)","background-image":"","background-repeat":"repeat","background-position":"center center","background-size":"auto","background-attachment":"scroll","background-type":"","background-media":"","overlay-type":"","overlay-color":"","overlay-opacity":"","overlay-gradient":""}},"jetpack_post_was_ever_published":false},"product_brand":[],"product_cat":[36],"product_tag":[58,41,50],"class_list":{"0":"post-1138","1":"product","2":"type-product","3":"status-publish","4":"has-post-thumbnail","6":"product_cat-juguetes","7":"product_tag-edicion-especial","8":"product_tag-juguetes","9":"product_tag-silicona","10":"product_shipping_class-envio-urgente","11":"desktop-align-center","12":"tablet-align-left","13":"mobile-align-left","15":"first","16":"outofstock","17":"taxable","18":"shipping-taxable","19":"purchasable","20":"product-type-simple"},"jetpack_sharing_enabled":true,"_links":{"self":[{"href":"https:\/\/sirpetershop.com\/pt\/wp-json\/wp\/v2\/product\/1138","targetHints":{"allow":["GET"]}}],"collection":[{"href":"https:\/\/sirpetershop.com\/pt\/wp-json\/wp\/v2\/product"}],"about":[{"href":"https:\/\/sirpetershop.com\/pt\/wp-json\/wp\/v2\/types\/product"}],"replies":[{"embeddable":true,"href":"https:\/\/sirpetershop.com\/pt\/wp-json\/wp\/v2\/comments?post=1138"}],"version-history":[{"count":66,"href":"https:\/\/sirpetershop.com\/pt\/wp-json\/wp\/v2\/product\/1138\/revisions"}],"predecessor-version":[{"id":6392,"href":"https:\/\/sirpetershop.com\/pt\/wp-json\/wp\/v2\/product\/1138\/revisions\/6392"}],"wp:featuredmedia":[{"embeddable":true,"href":"https:\/\/sirpetershop.com\/pt\/wp-json\/wp\/v2\/media\/6344"}],"wp:attachment":[{"href":"https:\/\/sirpetershop.com\/pt\/wp-json\/wp\/v2\/media?parent=1138"}],"wp:term":[{"taxonomy":"product_brand","embeddable":true,"href":"https:\/\/sirpetershop.com\/pt\/wp-json\/wp\/v2\/product_brand?post=1138"},{"taxonomy":"product_cat","embeddable":true,"href":"https:\/\/sirpetershop.com\/pt\/wp-json\/wp\/v2\/product_cat?post=1138"},{"taxonomy":"product_tag","embeddable":true,"href":"https:\/\/sirpetershop.com\/pt\/wp-json\/wp\/v2\/product_tag?post=1138"}],"curies":[{"name":"wp","href":"https:\/\/api.w.org\/{rel}","templated":true}]}}